{"id":1226,"date":"2022-04-04T12:57:03","date_gmt":"2022-04-04T12:57:03","guid":{"rendered":"https:\/\/allaboutdatingscams.com\/?page_id=1226\/"},"modified":"2024-09-10T05:10:37","modified_gmt":"2024-09-10T05:10:37","slug":"blog","status":"publish","type":"page","link":"https:\/\/allaboutdatingscams.com\/es\/blog\/","title":{"rendered":"Blog"},"content":{"rendered":"      <div id=\"post-grid-lazy-1219\" class=\"post-grid-lazy\"><img decoding=\"async\" alt=\"\" src=\"\" \/><\/div>\n    <script>\n      jQuery('#post-grid-lazy-1219').ready(function($) {\n        $('#post-grid-lazy-1219').fadeOut();\n        $('#post-grid-1219   ').fadeIn();\n      })\n    <\/script>\n    <style type=\"text\/css\">\n      #post-grid-1219 {\n        display: none;\n      }\n\n      .post-grid-lazy {\n        text-align: center;\n      }\n    <\/style>\n    <div data-options='{&quot;id&quot;:&quot;1219&quot;,&quot;lazy_load&quot;:&quot;yes&quot;,&quot;masonry_enable&quot;:&quot;no&quot;,&quot;view_type&quot;:&quot;grid&quot;}' id=\"post-grid-1219\" class=\"post-grid grid\">\n        <div class=\"grid-items\">\n      <div class=\"item item-25364 skin flat even 0 \">\n        <div class=\"layer-wrapper layout-\">\n        <div class=\"layer-media\"><\/div>\n  <div class=\"layer-content\">\n        <div\n        class=\"element element_0  element-media \">\n        <a target=\"_self\" href=\"https:\/\/allaboutdatingscams.com\/es\/la-evolucion-de-las-estafas-romanticas-en-2025-que-esperar\/\"><img loading=\"lazy\" decoding=\"async\" width=\"1024\" height=\"683\" src=\"https:\/\/allaboutdatingscams.com\/wp-content\/uploads\/2025\/03\/The-Evolution-of-Romance-Scams-in-2025-1024x683.jpg\" class=\"attachment-large size-large wp-post-image\" alt=\"online relationships\" srcset=\"https:\/\/allaboutdatingscams.com\/wp-content\/uploads\/2025\/03\/The-Evolution-of-Romance-Scams-in-2025-1024x683.jpg 1024w, https:\/\/allaboutdatingscams.com\/wp-content\/uploads\/2025\/03\/The-Evolution-of-Romance-Scams-in-2025-300x200.jpg 300w, https:\/\/allaboutdatingscams.com\/wp-content\/uploads\/2025\/03\/The-Evolution-of-Romance-Scams-in-2025-768x512.jpg 768w, https:\/\/allaboutdatingscams.com\/wp-content\/uploads\/2025\/03\/The-Evolution-of-Romance-Scams-in-2025-1536x1024.jpg 1536w, https:\/\/allaboutdatingscams.com\/wp-content\/uploads\/2025\/03\/The-Evolution-of-Romance-Scams-in-2025.jpg 1920w\" sizes=\"auto, (max-width: 1024px) 100vw, 1024px\" \/><\/a>    <\/div>\n    <div class=\"element element_1  title_link \">\n                    <a target=\"\"\n                href=\"https:\/\/allaboutdatingscams.com\/es\/la-evolucion-de-las-estafas-romanticas-en-2025-que-esperar\/\">La evoluci\u00f3n de las estafas rom\u00e1nticas en 2025: qu\u00e9 esperar<\/a>\n            <\/div>\n    <div class=\"element element_2  excerpt \">\n        Las estafas rom\u00e1nticas no son una tendencia nueva, aunque est\u00e1n en constante evoluci\u00f3n. Los estafadores recurren cada vez m\u00e1s a            <\/div>\n            <a class=\"element element_3  read_more \"\n            target=\"\"\n            href=\"https:\/\/allaboutdatingscams.com\/es\/la-evolucion-de-las-estafas-romanticas-en-2025-que-esperar\/\"><\/a>\n      <\/div>\n    <\/div>\n  <\/div><div class=\"item item-25258 skin flat odd 1 \">\n        <div class=\"layer-wrapper layout-\">\n        <div class=\"layer-media\"><\/div>\n  <div class=\"layer-content\">\n        <div\n        class=\"element element_0  element-media \">\n        <a target=\"_self\" href=\"https:\/\/allaboutdatingscams.com\/es\/principales-senales-de-advertencia-de-estafas-en-citas-en-telegram-que-debes-conocer\/\"><img loading=\"lazy\" decoding=\"async\" width=\"1024\" height=\"683\" src=\"https:\/\/allaboutdatingscams.com\/wp-content\/uploads\/2025\/03\/popular-messaging-app-1024x683.jpeg\" class=\"attachment-large size-large wp-post-image\" alt=\"popular messaging app\" srcset=\"https:\/\/allaboutdatingscams.com\/wp-content\/uploads\/2025\/03\/popular-messaging-app-1024x683.jpeg 1024w, https:\/\/allaboutdatingscams.com\/wp-content\/uploads\/2025\/03\/popular-messaging-app-300x200.jpeg 300w, https:\/\/allaboutdatingscams.com\/wp-content\/uploads\/2025\/03\/popular-messaging-app-768x512.jpeg 768w, https:\/\/allaboutdatingscams.com\/wp-content\/uploads\/2025\/03\/popular-messaging-app-1536x1024.jpeg 1536w, https:\/\/allaboutdatingscams.com\/wp-content\/uploads\/2025\/03\/popular-messaging-app.jpeg 1920w\" sizes=\"auto, (max-width: 1024px) 100vw, 1024px\" \/><\/a>    <\/div>\n    <div class=\"element element_1  title_link \">\n                    <a target=\"\"\n                href=\"https:\/\/allaboutdatingscams.com\/es\/principales-senales-de-advertencia-de-estafas-en-citas-en-telegram-que-debes-conocer\/\">Principales Se\u00f1ales de Advertencia de Estafas en Citas en Telegram que Debes Conocer<\/a>\n            <\/div>\n    <div class=\"element element_2  excerpt \">\n        Telegram es una aplicaci\u00f3n de chat ampliamente utilizada con millones de usuarios en todo el mundo. La aplicaci\u00f3n est\u00e1 protegida            <\/div>\n            <a class=\"element element_3  read_more \"\n            target=\"\"\n            href=\"https:\/\/allaboutdatingscams.com\/es\/principales-senales-de-advertencia-de-estafas-en-citas-en-telegram-que-debes-conocer\/\"><\/a>\n      <\/div>\n    <\/div>\n  <\/div><div class=\"item item-25188 skin flat even 2 \">\n        <div class=\"layer-wrapper layout-\">\n        <div class=\"layer-media\"><\/div>\n  <div class=\"layer-content\">\n        <div\n        class=\"element element_0  element-media \">\n        <a target=\"_self\" href=\"https:\/\/allaboutdatingscams.com\/es\/como-saber-si-te-estan-estafando-en-las-citas-online\/\"><img loading=\"lazy\" decoding=\"async\" width=\"819\" height=\"1024\" src=\"https:\/\/allaboutdatingscams.com\/wp-content\/uploads\/2025\/02\/How-to-Know-if-You-Are-Being-Scammed-on-Online-Dating-Sites-8-819x1024.jpg\" class=\"attachment-large size-large wp-post-image\" alt=\"man and woman kissing during daytime\" srcset=\"https:\/\/allaboutdatingscams.com\/wp-content\/uploads\/2025\/02\/How-to-Know-if-You-Are-Being-Scammed-on-Online-Dating-Sites-8-819x1024.jpg 819w, https:\/\/allaboutdatingscams.com\/wp-content\/uploads\/2025\/02\/How-to-Know-if-You-Are-Being-Scammed-on-Online-Dating-Sites-8-240x300.jpg 240w, https:\/\/allaboutdatingscams.com\/wp-content\/uploads\/2025\/02\/How-to-Know-if-You-Are-Being-Scammed-on-Online-Dating-Sites-8-768x960.jpg 768w, https:\/\/allaboutdatingscams.com\/wp-content\/uploads\/2025\/02\/How-to-Know-if-You-Are-Being-Scammed-on-Online-Dating-Sites-8-1229x1536.jpg 1229w, https:\/\/allaboutdatingscams.com\/wp-content\/uploads\/2025\/02\/How-to-Know-if-You-Are-Being-Scammed-on-Online-Dating-Sites-8-1638x2048.jpg 1638w, https:\/\/allaboutdatingscams.com\/wp-content\/uploads\/2025\/02\/How-to-Know-if-You-Are-Being-Scammed-on-Online-Dating-Sites-8.jpg 2000w\" sizes=\"auto, (max-width: 819px) 100vw, 819px\" \/><\/a>    <\/div>\n    <div class=\"element element_1  title_link \">\n                    <a target=\"\"\n                href=\"https:\/\/allaboutdatingscams.com\/es\/como-saber-si-te-estan-estafando-en-las-citas-online\/\">\u00bfC\u00f3mo saber si te est\u00e1n estafando en las citas online?<\/a>\n            <\/div>\n    <div class=\"element element_2  excerpt \">\n        Las citas online ofrecen muchas oportunidades para conocer gente y encontrar el amor. Sin embargo, no todas las relaciones que            <\/div>\n            <a class=\"element element_3  read_more \"\n            target=\"\"\n            href=\"https:\/\/allaboutdatingscams.com\/es\/como-saber-si-te-estan-estafando-en-las-citas-online\/\"><\/a>\n      <\/div>\n    <\/div>\n  <\/div><div class=\"item item-25118 skin flat odd 3 \">\n        <div class=\"layer-wrapper layout-\">\n        <div class=\"layer-media\"><\/div>\n  <div class=\"layer-content\">\n        <div\n        class=\"element element_0  element-media \">\n        <a target=\"_self\" href=\"https:\/\/allaboutdatingscams.com\/es\/protegete-contra-el-fraude-matrimonial\/\"><img loading=\"lazy\" decoding=\"async\" width=\"1024\" height=\"683\" src=\"https:\/\/allaboutdatingscams.com\/wp-content\/uploads\/2025\/02\/pexels-mlkbnl-28949852-1024x683.jpg\" class=\"attachment-large size-large wp-post-image\" alt=\"sham marriages\" srcset=\"https:\/\/allaboutdatingscams.com\/wp-content\/uploads\/2025\/02\/pexels-mlkbnl-28949852-1024x683.jpg 1024w, https:\/\/allaboutdatingscams.com\/wp-content\/uploads\/2025\/02\/pexels-mlkbnl-28949852-300x200.jpg 300w, https:\/\/allaboutdatingscams.com\/wp-content\/uploads\/2025\/02\/pexels-mlkbnl-28949852-768x512.jpg 768w, https:\/\/allaboutdatingscams.com\/wp-content\/uploads\/2025\/02\/pexels-mlkbnl-28949852-1536x1024.jpg 1536w, https:\/\/allaboutdatingscams.com\/wp-content\/uploads\/2025\/02\/pexels-mlkbnl-28949852.jpg 1920w\" sizes=\"auto, (max-width: 1024px) 100vw, 1024px\" \/><\/a>    <\/div>\n    <div class=\"element element_1  title_link \">\n                    <a target=\"\"\n                href=\"https:\/\/allaboutdatingscams.com\/es\/protegete-contra-el-fraude-matrimonial\/\">Prot\u00e9gete Contra el Fraude Matrimonial<\/a>\n            <\/div>\n    <div class=\"element element_2  excerpt \">\n        El amor, la confianza y la dedicaci\u00f3n est\u00e1n destinados a formar la base del matrimonio. Lamentablemente, no todos entran en            <\/div>\n            <a class=\"element element_3  read_more \"\n            target=\"\"\n            href=\"https:\/\/allaboutdatingscams.com\/es\/protegete-contra-el-fraude-matrimonial\/\"><\/a>\n      <\/div>\n    <\/div>\n  <\/div><div class=\"item item-25076 skin flat even 4 \">\n        <div class=\"layer-wrapper layout-\">\n        <div class=\"layer-media\"><\/div>\n  <div class=\"layer-content\">\n        <div\n        class=\"element element_0  element-media \">\n        <a target=\"_self\" href=\"https:\/\/allaboutdatingscams.com\/es\/como-hablar-con-un-familiar-sobre-una-estafa-de-citas\/\"><img loading=\"lazy\" decoding=\"async\" width=\"427\" height=\"640\" src=\"https:\/\/allaboutdatingscams.com\/wp-content\/uploads\/2025\/02\/How-to-Talk-to-a-Family-Member-About-a-Dating-Scam.jpg\" class=\"attachment-large size-large wp-post-image\" alt=\"\" srcset=\"https:\/\/allaboutdatingscams.com\/wp-content\/uploads\/2025\/02\/How-to-Talk-to-a-Family-Member-About-a-Dating-Scam.jpg 427w, https:\/\/allaboutdatingscams.com\/wp-content\/uploads\/2025\/02\/How-to-Talk-to-a-Family-Member-About-a-Dating-Scam-200x300.jpg 200w\" sizes=\"auto, (max-width: 427px) 100vw, 427px\" \/><\/a>    <\/div>\n    <div class=\"element element_1  title_link \">\n                    <a target=\"\"\n                href=\"https:\/\/allaboutdatingscams.com\/es\/como-hablar-con-un-familiar-sobre-una-estafa-de-citas\/\">\u00bfC\u00f3mo hablar con un familiar sobre una estafa de citas?<\/a>\n            <\/div>\n    <div class=\"element element_2  excerpt \">\n        En la actualidad, la gente suele utilizar las citas online para conocer a posibles parejas, pero, a medida que esta            <\/div>\n            <a class=\"element element_3  read_more \"\n            target=\"\"\n            href=\"https:\/\/allaboutdatingscams.com\/es\/como-hablar-con-un-familiar-sobre-una-estafa-de-citas\/\"><\/a>\n      <\/div>\n    <\/div>\n  <\/div><div class=\"item item-24947 skin flat odd 5 \">\n        <div class=\"layer-wrapper layout-\">\n        <div class=\"layer-media\"><\/div>\n  <div class=\"layer-content\">\n        <div\n        class=\"element element_0  element-media \">\n        <a target=\"_self\" href=\"https:\/\/allaboutdatingscams.com\/es\/como-reconocer-las-senales-de-alerta-en-los-romances-online-una-guia-para-establecer-conexiones-seguras\/\"><img loading=\"lazy\" decoding=\"async\" width=\"640\" height=\"427\" src=\"https:\/\/allaboutdatingscams.com\/wp-content\/uploads\/2025\/01\/Recognizing-Red-Flags-in-Online-Romance-1.jpg\" class=\"attachment-large size-large wp-post-image\" alt=\"online, connection, laptop\" srcset=\"https:\/\/allaboutdatingscams.com\/wp-content\/uploads\/2025\/01\/Recognizing-Red-Flags-in-Online-Romance-1.jpg 640w, https:\/\/allaboutdatingscams.com\/wp-content\/uploads\/2025\/01\/Recognizing-Red-Flags-in-Online-Romance-1-300x200.jpg 300w\" sizes=\"auto, (max-width: 640px) 100vw, 640px\" \/><\/a>    <\/div>\n    <div class=\"element element_1  title_link \">\n                    <a target=\"\"\n                href=\"https:\/\/allaboutdatingscams.com\/es\/como-reconocer-las-senales-de-alerta-en-los-romances-online-una-guia-para-establecer-conexiones-seguras\/\">C\u00f3mo reconocer las se\u00f1ales de alerta en los romances online: una gu\u00eda para establecer conexiones seguras<\/a>\n            <\/div>\n    <div class=\"element element_2  excerpt \">\n        La era digital ha logrado cambiar la forma en que se establecen las relaciones rom\u00e1nticas en la actualidad, y las            <\/div>\n            <a class=\"element element_3  read_more \"\n            target=\"\"\n            href=\"https:\/\/allaboutdatingscams.com\/es\/como-reconocer-las-senales-de-alerta-en-los-romances-online-una-guia-para-establecer-conexiones-seguras\/\"><\/a>\n      <\/div>\n    <\/div>\n  <\/div><div class=\"item item-24879 skin flat even 6 \">\n        <div class=\"layer-wrapper layout-\">\n        <div class=\"layer-media\"><\/div>\n  <div class=\"layer-content\">\n        <div\n        class=\"element element_0  element-media \">\n        <a target=\"_self\" href=\"https:\/\/allaboutdatingscams.com\/es\/como-la-ia-esta-revolucionando-el-fraude-en-internet-y-las-estafas-romanticas\/\"><img loading=\"lazy\" decoding=\"async\" width=\"1024\" height=\"683\" src=\"https:\/\/allaboutdatingscams.com\/wp-content\/uploads\/2024\/12\/pexels-thisisengineering-3861969-1024x683.jpg\" class=\"attachment-large size-large wp-post-image\" alt=\"ai dating scams\" srcset=\"https:\/\/allaboutdatingscams.com\/wp-content\/uploads\/2024\/12\/pexels-thisisengineering-3861969-1024x683.jpg 1024w, https:\/\/allaboutdatingscams.com\/wp-content\/uploads\/2024\/12\/pexels-thisisengineering-3861969-300x200.jpg 300w, https:\/\/allaboutdatingscams.com\/wp-content\/uploads\/2024\/12\/pexels-thisisengineering-3861969-768x512.jpg 768w, https:\/\/allaboutdatingscams.com\/wp-content\/uploads\/2024\/12\/pexels-thisisengineering-3861969-1536x1025.jpg 1536w, https:\/\/allaboutdatingscams.com\/wp-content\/uploads\/2024\/12\/pexels-thisisengineering-3861969.jpg 1920w\" sizes=\"auto, (max-width: 1024px) 100vw, 1024px\" \/><\/a>    <\/div>\n    <div class=\"element element_1  title_link \">\n                    <a target=\"\"\n                href=\"https:\/\/allaboutdatingscams.com\/es\/como-la-ia-esta-revolucionando-el-fraude-en-internet-y-las-estafas-romanticas\/\">C\u00f3mo la IA est\u00e1 revolucionando el fraude en Internet y las estafas rom\u00e1nticas<\/a>\n            <\/div>\n    <div class=\"element element_2  excerpt \">\n        Una de las necesidades m\u00e1s importantes de cualquier persona es tener una relaci\u00f3n amorosa s\u00f3lida con otra persona. Sin embargo,            <\/div>\n            <a class=\"element element_3  read_more \"\n            target=\"\"\n            href=\"https:\/\/allaboutdatingscams.com\/es\/como-la-ia-esta-revolucionando-el-fraude-en-internet-y-las-estafas-romanticas\/\"><\/a>\n      <\/div>\n    <\/div>\n  <\/div><div class=\"item item-24850 skin flat odd 7 \">\n        <div class=\"layer-wrapper layout-\">\n        <div class=\"layer-media\"><\/div>\n  <div class=\"layer-content\">\n        <div\n        class=\"element element_0  element-media \">\n        <a target=\"_self\" href=\"https:\/\/allaboutdatingscams.com\/es\/como-protegerse-de-las-estafas-en-facebook-y-whatsapp\/\"><img loading=\"lazy\" decoding=\"async\" width=\"640\" height=\"417\" src=\"https:\/\/allaboutdatingscams.com\/wp-content\/uploads\/2024\/12\/Protecting-Yourself-from-Facebook-Dating-and-WhatsApp-Scams-4.jpg\" class=\"attachment-large size-large wp-post-image\" alt=\"whatsapp, iphone, homescreen\" srcset=\"https:\/\/allaboutdatingscams.com\/wp-content\/uploads\/2024\/12\/Protecting-Yourself-from-Facebook-Dating-and-WhatsApp-Scams-4.jpg 640w, https:\/\/allaboutdatingscams.com\/wp-content\/uploads\/2024\/12\/Protecting-Yourself-from-Facebook-Dating-and-WhatsApp-Scams-4-300x195.jpg 300w\" sizes=\"auto, (max-width: 640px) 100vw, 640px\" \/><\/a>    <\/div>\n    <div class=\"element element_1  title_link \">\n                    <a target=\"\"\n                href=\"https:\/\/allaboutdatingscams.com\/es\/como-protegerse-de-las-estafas-en-facebook-y-whatsapp\/\">C\u00f3mo protegerse de las estafas en Facebook y WhatsApp<\/a>\n            <\/div>\n    <div class=\"element element_2  excerpt \">\n        C\u00f3mo sortear los obst\u00e1culos de las estafas rom\u00e1nticas en Facebook Las citas en l\u00ednea han facilitado m\u00e1s que nunca conectar            <\/div>\n            <a class=\"element element_3  read_more \"\n            target=\"\"\n            href=\"https:\/\/allaboutdatingscams.com\/es\/como-protegerse-de-las-estafas-en-facebook-y-whatsapp\/\"><\/a>\n      <\/div>\n    <\/div>\n  <\/div><div class=\"item item-24737 skin flat even 8 \">\n        <div class=\"layer-wrapper layout-\">\n        <div class=\"layer-media\"><\/div>\n  <div class=\"layer-content\">\n        <div\n        class=\"element element_0  element-media \">\n        <a target=\"_self\" href=\"https:\/\/allaboutdatingscams.com\/es\/como-protegerse-de-las-estafas-de-citas-en-instagram\/\"><img loading=\"lazy\" decoding=\"async\" width=\"640\" height=\"640\" src=\"https:\/\/allaboutdatingscams.com\/wp-content\/uploads\/2024\/11\/Protecting-Yourself-from-Instagram-Dating-Scams.jpg\" class=\"attachment-large size-large wp-post-image\" alt=\"instagram, instagram logo, instagram icon\" srcset=\"https:\/\/allaboutdatingscams.com\/wp-content\/uploads\/2024\/11\/Protecting-Yourself-from-Instagram-Dating-Scams.jpg 640w, https:\/\/allaboutdatingscams.com\/wp-content\/uploads\/2024\/11\/Protecting-Yourself-from-Instagram-Dating-Scams-300x300.jpg 300w, https:\/\/allaboutdatingscams.com\/wp-content\/uploads\/2024\/11\/Protecting-Yourself-from-Instagram-Dating-Scams-150x150.jpg 150w, https:\/\/allaboutdatingscams.com\/wp-content\/uploads\/2024\/11\/Protecting-Yourself-from-Instagram-Dating-Scams-120x120.jpg 120w\" sizes=\"auto, (max-width: 640px) 100vw, 640px\" \/><\/a>    <\/div>\n    <div class=\"element element_1  title_link \">\n                    <a target=\"\"\n                href=\"https:\/\/allaboutdatingscams.com\/es\/como-protegerse-de-las-estafas-de-citas-en-instagram\/\">C\u00f3mo protegerse de las estafas de citas en Instagram<\/a>\n            <\/div>\n    <div class=\"element element_2  excerpt \">\n        Entender las estafas en las citas y el romance En esta secci\u00f3n se establecen los antecedentes para abordar el problema            <\/div>\n            <a class=\"element element_3  read_more \"\n            target=\"\"\n            href=\"https:\/\/allaboutdatingscams.com\/es\/como-protegerse-de-las-estafas-de-citas-en-instagram\/\"><\/a>\n      <\/div>\n    <\/div>\n  <\/div><div class=\"item item-24689 skin flat odd 9 \">\n        <div class=\"layer-wrapper layout-\">\n        <div class=\"layer-media\"><\/div>\n  <div class=\"layer-content\">\n        <div\n        class=\"element element_0  element-media \">\n        <a target=\"_self\" href=\"https:\/\/allaboutdatingscams.com\/es\/estafas-de-cripto-romance-que-son-y-como-evitarlas\/\"><img loading=\"lazy\" decoding=\"async\" width=\"1024\" height=\"1024\" src=\"https:\/\/allaboutdatingscams.com\/wp-content\/uploads\/2024\/11\/Crypto-Romance-Scams.jpg\" class=\"attachment-large size-large wp-post-image\" alt=\"romance scam\" srcset=\"https:\/\/allaboutdatingscams.com\/wp-content\/uploads\/2024\/11\/Crypto-Romance-Scams.jpg 1024w, https:\/\/allaboutdatingscams.com\/wp-content\/uploads\/2024\/11\/Crypto-Romance-Scams-300x300.jpg 300w, https:\/\/allaboutdatingscams.com\/wp-content\/uploads\/2024\/11\/Crypto-Romance-Scams-150x150.jpg 150w, https:\/\/allaboutdatingscams.com\/wp-content\/uploads\/2024\/11\/Crypto-Romance-Scams-768x768.jpg 768w, https:\/\/allaboutdatingscams.com\/wp-content\/uploads\/2024\/11\/Crypto-Romance-Scams-120x120.jpg 120w\" sizes=\"auto, (max-width: 1024px) 100vw, 1024px\" \/><\/a>    <\/div>\n    <div class=\"element element_1  title_link \">\n                    <a target=\"\"\n                href=\"https:\/\/allaboutdatingscams.com\/es\/estafas-de-cripto-romance-que-son-y-como-evitarlas\/\">Estafas de cripto romance: qu\u00e9 son y c\u00f3mo evitarlas<\/a>\n            <\/div>\n    <div class=\"element element_2  excerpt \">\n        En el mundo digital actual, nuestra b\u00fasqueda de romance generalmente nos lleva a sitios de citas en l\u00ednea, sitios web            <\/div>\n            <a class=\"element element_3  read_more \"\n            target=\"\"\n            href=\"https:\/\/allaboutdatingscams.com\/es\/estafas-de-cripto-romance-que-son-y-como-evitarlas\/\"><\/a>\n      <\/div>\n    <\/div>\n  <\/div>    <\/div>\n    <div class=\"pagination\">\n      <div class=\"paginate\">\n    <span aria-current=\"page\" class=\"page-numbers current\">1<\/span>\n<a class=\"page-numbers\" href=\"https:\/\/allaboutdatingscams.com\/es\/wp-json\/wp\/v2\/pages\/1226\/page\/2\/\">2<\/a>\n<a class=\"page-numbers\" href=\"https:\/\/allaboutdatingscams.com\/es\/wp-json\/wp\/v2\/pages\/1226\/page\/3\/\">3<\/a>\n<span class=\"page-numbers dots\">&hellip;<\/span>\n<a class=\"page-numbers\" href=\"https:\/\/allaboutdatingscams.com\/es\/wp-json\/wp\/v2\/pages\/1226\/page\/10\/\">10<\/a>\n<a class=\"next page-numbers\" href=\"https:\/\/allaboutdatingscams.com\/es\/wp-json\/wp\/v2\/pages\/1226\/page\/2\/\">Next \u00bb<\/a>  <\/div>\n  <style type=\"text\/css\">\n    #post-grid-1219 .pagination .page-numbers {\n      font-size: 16px;\n      color: #fff;\n      background: #646464;\n    }\n\n    #post-grid-1219 .pagination .page-numbers:hover,\n    #post-grid-1219 .pagination .page-numbers.current {\n      background: #4b4b4b;\n    }\n  <\/style>\n  <\/div>\n      <script>\n          <\/script>\n    <style type=\"text\/css\">\n    #post-grid-1219 .element_0 {\n      display: block;font-size: 21px;line-height: normal;padding: 5px 10px;text-align: left; text-decoration: none;    }\n\n    #post-grid-1219 .element_1 {\n      display: block;font-size: 21px;line-height: normal;padding: 5px 10px;text-align: left; text-decoration: none;    }\n\n    #post-grid-1219 .element_2 {\n      display: block;font-size: 14px;padding: 5px 10px;text-align: left;    }\n\n    #post-grid-1219 .element_3 {\n      display: block;font-size: 12px;font-weight: bold;padding: 0 10px;text-align: left;text-decoration: none;    }\n\n    #post-grid-1219 .element_0:hover{}#post-grid-1219 .element_1:hover{}#post-grid-1219 .element_2:hover{}#post-grid-1219 .element_3:hover{}  <\/style>\n  <style type=\"text\/css\">\n    #post-grid-1219 {\n      padding: 10px;\n          }\n\n    #post-grid-1219 .item {\n      padding: 0px;\n      background: #fff;\n          }\n\n    #post-grid-1219 .item .layer-media {\n      height:auto;    }\n\n    @media only screen and (min-width: 0px) and (max-width: 767px) {\n      #post-grid-1219 .grid-items {\n        display: grid;\n        grid-template-columns: 1fr ;\n        column-gap: 10px;\n        row-gap: 10px;\n              }\n\n      #post-grid-1219 .item {\n        height:auto;      }\n    }\n\n    @media only screen and (min-width: 768px) and (max-width: 1023px) {\n      #post-grid-1219 .grid-items {\n        display: grid;\n        grid-template-columns: 1fr 1fr ;\n        column-gap: 10px;\n        row-gap: 10px;\n              }\n\n      #post-grid-1219 .item {\n        max-height:auto;      }\n    }\n\n    @media only screen and (min-width: 1024px) {\n      #post-grid-1219 .grid-items {\n        display: grid;\n        grid-template-columns: 1fr 1fr 1fr ;\n        column-gap: 10px;\n        row-gap: 10px;\n              }\n\n      #post-grid-1219 .item {\n        height:auto;      }\n    }\n\n      <\/style>\n  <\/div>\n\n","protected":false},"excerpt":{"rendered":"","protected":false},"author":2,"featured_media":0,"parent":0,"menu_order":0,"comment_status":"closed","ping_status":"closed","template":"template-with_leftsidebar.php","meta":{"_glsr_average":0,"_glsr_ranking":0,"_glsr_reviews":0,"footnotes":"","_links_to":"","_links_to_target":""},"class_list":["post-1226","page","type-page","status-publish","hentry"],"_links":{"self":[{"href":"https:\/\/allaboutdatingscams.com\/es\/wp-json\/wp\/v2\/pages\/1226","targetHints":{"allow":["GET"]}}],"collection":[{"href":"https:\/\/allaboutdatingscams.com\/es\/wp-json\/wp\/v2\/pages"}],"about":[{"href":"https:\/\/allaboutdatingscams.com\/es\/wp-json\/wp\/v2\/types\/page"}],"author":[{"embeddable":true,"href":"https:\/\/allaboutdatingscams.com\/es\/wp-json\/wp\/v2\/users\/2"}],"replies":[{"embeddable":true,"href":"https:\/\/allaboutdatingscams.com\/es\/wp-json\/wp\/v2\/comments?post=1226"}],"version-history":[{"count":1,"href":"https:\/\/allaboutdatingscams.com\/es\/wp-json\/wp\/v2\/pages\/1226\/revisions"}],"predecessor-version":[{"id":1227,"href":"https:\/\/allaboutdatingscams.com\/es\/wp-json\/wp\/v2\/pages\/1226\/revisions\/1227"}],"wp:attachment":[{"href":"https:\/\/allaboutdatingscams.com\/es\/wp-json\/wp\/v2\/media?parent=1226"}],"curies":[{"name":"wp","href":"https:\/\/api.w.org\/{rel}","templated":true}]}}