{"id":212,"date":"2021-05-05T14:33:36","date_gmt":"2021-05-05T14:33:36","guid":{"rendered":"https:\/\/allaboutdatingscams.com\/prices-in-ukraine-and-russia\/"},"modified":"2022-10-12T15:37:33","modified_gmt":"2022-10-12T15:37:33","slug":"precios-en-ucrania-y-rusia","status":"publish","type":"page","link":"https:\/\/allaboutdatingscams.com\/es\/precios-en-ucrania-y-rusia\/","title":{"rendered":"Precios en Ucrania y Rusia"},"content":{"rendered":"<div class=\"content\">\n<p>Puede utilizar esta p\u00e1gina para su posible viaje a Ucrania o Rusia, y para prevenir el abuso y seguir pagando un precio justo en Ucrania o Rusia. Atenci\u00f3n! Mosc\u00fa est\u00e1 m\u00e1s caro!<\/p>\n<p>Traducci\u00f3n de mensajes: 02.05 euros \/ p\u00e1gina o una carta<\/p>\n<p>Int\u00e9rprete: 10.08 euros \/ hora<\/p>\n<p>Los precios de los visados de corta duraci\u00f3n para Francia: 35 euros<\/p>\n<p>Perfumes: 40 a 100 euros<\/p>\n<p>Flores: 05.01 EUR \/ unidad<\/p>\n<p>Idioma: 40-70 euros \/ mes<\/p>\n<p>Tutor\u00eda: 08.05 euros \/ hora<\/p>\n<p>Traducci\u00f3n de documentos oficiales: 3.10 euros \/ unidad<\/p>\n<p>Apartamento: 30-50 euros \/ noche<\/p>\n<p>Taxi: 0,3 euros \/ km<\/p>\n<p>Kiev, Jarkov taxi (500 km): 180 euros<\/p>\n<p>Gasolina: 0,8 euros \/ litro<\/p>\n<p>Leche: 0,5 a 1 euros \/ litro<\/p>\n<p>Huevos: 0,5 euros \/ docena<\/p>\n<p>Pan: 0,3 euros<\/p>\n<p>Cigarrillos: 0,5-0,8 euros \/ paquete<\/p>\n<p>Cerveza: \u20ac 0,5 \/ 0,5 litros<\/p>\n<p>Restaurante: 15-25 euros \/ persona<\/p>\n<p>Caf\u00e9 o bar de c\u00f3cteles: EUR 05.10 \/ persona<\/p>\n<p>Restaurante de autoservicio: 05.03 euros \/ persona<\/p>\n<\/div>\n","protected":false},"excerpt":{"rendered":"<p>Puede utilizar esta p\u00e1gina para su posible viaje a Ucrania o Rusia, y para prevenir el abuso y seguir pagando un precio justo en Ucrania o Rusia. Atenci\u00f3n! Mosc\u00fa est\u00e1 m\u00e1s caro! Traducci\u00f3n de mensajes: 02.05 euros \/ p\u00e1gina o una carta Int\u00e9rprete: 10.08 euros \/ hora Los precios de los visados de corta duraci\u00f3n [&hellip;]<\/p>\n","protected":false},"author":2,"featured_media":0,"parent":0,"menu_order":0,"comment_status":"closed","ping_status":"closed","template":"template-with_leftsidebar.php","meta":{"_glsr_average":0,"_glsr_ranking":0,"_glsr_reviews":0,"footnotes":"","_links_to":"","_links_to_target":""},"class_list":["post-212","page","type-page","status-publish","hentry"],"_links":{"self":[{"href":"https:\/\/allaboutdatingscams.com\/es\/wp-json\/wp\/v2\/pages\/212","targetHints":{"allow":["GET"]}}],"collection":[{"href":"https:\/\/allaboutdatingscams.com\/es\/wp-json\/wp\/v2\/pages"}],"about":[{"href":"https:\/\/allaboutdatingscams.com\/es\/wp-json\/wp\/v2\/types\/page"}],"author":[{"embeddable":true,"href":"https:\/\/allaboutdatingscams.com\/es\/wp-json\/wp\/v2\/users\/2"}],"replies":[{"embeddable":true,"href":"https:\/\/allaboutdatingscams.com\/es\/wp-json\/wp\/v2\/comments?post=212"}],"version-history":[{"count":3,"href":"https:\/\/allaboutdatingscams.com\/es\/wp-json\/wp\/v2\/pages\/212\/revisions"}],"predecessor-version":[{"id":258,"href":"https:\/\/allaboutdatingscams.com\/es\/wp-json\/wp\/v2\/pages\/212\/revisions\/258"}],"wp:attachment":[{"href":"https:\/\/allaboutdatingscams.com\/es\/wp-json\/wp\/v2\/media?parent=212"}],"curies":[{"name":"wp","href":"https:\/\/api.w.org\/{rel}","templated":true}]}}