{"id":224,"date":"2021-05-05T07:07:20","date_gmt":"2021-05-05T07:07:20","guid":{"rendered":"https:\/\/allaboutdatingscams.com\/contact-us\/"},"modified":"2024-10-08T17:00:33","modified_gmt":"2024-10-08T17:00:33","slug":"contact-us","status":"publish","type":"page","link":"https:\/\/allaboutdatingscams.com\/es\/contact-us\/","title":{"rendered":"Contacto"},"content":{"rendered":"<p><strong>Email:<\/strong>\u00a0<a href=\"mailto:info@allaboutdatingscams.com\">info@allaboutdatingscams.com<\/a><\/p>\n<div class=\"\u201dphone\u201d\">\n<p><strong>Tel\u00e9fono<\/strong>:+1-438-391-82-75<\/p>\n<p>Bienvenido a nuestro verificador de estafas en citas para mujeres. Aqu\u00ed puedes comprobar el historial de una chica con la que est\u00e1s interesado en salir para asegurarte de que no es una estafadora.<\/p>\n<p>Nuestro sitio le permite investigar el historial de citas y los antecedentes de una mujer, d\u00e1ndole la informaci\u00f3n que necesita para tomar una decisi\u00f3n informada sobre si desea seguir una relaci\u00f3n con ella. Entendemos que las citas pueden ser complicadas y que los estafadores existen, por lo que hemos creado este servicio para ayudar a protegerte de que se aprovechen de ti.<\/p>\n<p>Al utilizar nuestro sitio, puede estar seguro de que est\u00e1 tomando las medidas necesarias para protegerse de los estafadores.<\/p>\n<\/div>\n<h2>Si desea escribirnos, por favor llene los siguientes campos.<\/h2>\n\n<div class=\"wpcf7 no-js\" id=\"wpcf7-f487-o1\" lang=\"es-ES\" dir=\"ltr\" data-wpcf7-id=\"487\">\n<div class=\"screen-reader-response\"><p role=\"status\" aria-live=\"polite\" aria-atomic=\"true\"><\/p> <ul><\/ul><\/div>\n<form action=\"\/es\/wp-json\/wp\/v2\/pages\/224#wpcf7-f487-o1\" method=\"post\" class=\"wpcf7-form init\" aria-label=\"Formulario de contacto\" novalidate=\"novalidate\" data-status=\"init\">\n<div style=\"display: none;\">\n<input type=\"hidden\" name=\"_wpcf7\" value=\"487\" \/>\n<input type=\"hidden\" name=\"_wpcf7_version\" value=\"6.0.5\" \/>\n<input type=\"hidden\" name=\"_wpcf7_locale\" value=\"es_ES\" \/>\n<input type=\"hidden\" name=\"_wpcf7_unit_tag\" value=\"wpcf7-f487-o1\" \/>\n<input type=\"hidden\" name=\"_wpcf7_container_post\" value=\"0\" \/>\n<input type=\"hidden\" name=\"_wpcf7_posted_data_hash\" value=\"\" \/>\n<input type=\"hidden\" name=\"_wpcf7_recaptcha_response\" value=\"\" \/>\n<\/div>\n<div class=\"form-wrapper\">\n\t<div class=\"input-field\">\n\t\t<p><label>Su nombre :<span>*<\/span><\/label><br \/>\n<span class=\"wpcf7-form-control-wrap\" data-name=\"frm-name\"><input size=\"40\" maxlength=\"400\" class=\"wpcf7-form-control wpcf7-text wpcf7-validates-as-required\" aria-required=\"true\" aria-invalid=\"false\" value=\"\" type=\"text\" name=\"frm-name\" \/><\/span>\n\t\t<\/p>\n\t<\/div>\n\t<div class=\"input-field\">\n\t\t<p><label>E-mail:<span>*<\/span><\/label><br \/>\n<span class=\"wpcf7-form-control-wrap\" data-name=\"frm-email\"><input size=\"40\" maxlength=\"400\" class=\"wpcf7-form-control wpcf7-email wpcf7-validates-as-required wpcf7-text wpcf7-validates-as-email\" aria-required=\"true\" aria-invalid=\"false\" value=\"\" type=\"email\" name=\"frm-email\" \/><\/span>\n\t\t<\/p>\n\t<\/div>\n\t<div class=\"input-field\">\n\t\t<p><label>Asunto :<span>*<\/span><\/label><br \/>\n<span class=\"wpcf7-form-control-wrap\" data-name=\"frm-subject\"><input size=\"40\" maxlength=\"400\" class=\"wpcf7-form-control wpcf7-text wpcf7-validates-as-required\" aria-required=\"true\" aria-invalid=\"false\" value=\"\" type=\"text\" name=\"frm-subject\" \/><\/span>\n\t\t<\/p>\n\t<\/div>\n\t<div class=\"input-field\">\n\t\t<p><label>Mensaje :<span>*<\/span><\/label><br \/>\n<span class=\"wpcf7-form-control-wrap\" data-name=\"frm-message\"><textarea cols=\"40\" rows=\"10\" maxlength=\"2000\" class=\"wpcf7-form-control wpcf7-textarea wpcf7-validates-as-required\" aria-required=\"true\" aria-invalid=\"false\" name=\"frm-message\"><\/textarea><\/span>\n\t\t<\/p>\n\t<\/div>\n\t<div class=\"input-btn\">\n\t\t<p><input class=\"wpcf7-form-control wpcf7-submit has-spinner\" type=\"submit\" value=\"Enviar\" \/>\n\t\t<\/p>\n\t<\/div>\n<\/div><div class=\"wpcf7-response-output\" aria-hidden=\"true\"><\/div>\n<\/form>\n<\/div>\n\n","protected":false},"excerpt":{"rendered":"<p>Email:\u00a0info@allaboutdatingscams.com Tel\u00e9fono:+1-438-391-82-75 Bienvenido a nuestro verificador de estafas en citas para mujeres. Aqu\u00ed puedes comprobar el historial de una chica con la que est\u00e1s interesado en salir para asegurarte de que no es una estafadora. Nuestro sitio le permite investigar el historial de citas y los antecedentes de una mujer, d\u00e1ndole la informaci\u00f3n que necesita [&hellip;]<\/p>\n","protected":false},"author":2,"featured_media":0,"parent":0,"menu_order":0,"comment_status":"closed","ping_status":"closed","template":"template-with_leftsidebar.php","meta":{"_glsr_average":0,"_glsr_ranking":0,"_glsr_reviews":0,"footnotes":"","_links_to":"","_links_to_target":""},"class_list":["post-224","page","type-page","status-publish","hentry"],"_links":{"self":[{"href":"https:\/\/allaboutdatingscams.com\/es\/wp-json\/wp\/v2\/pages\/224","targetHints":{"allow":["GET"]}}],"collection":[{"href":"https:\/\/allaboutdatingscams.com\/es\/wp-json\/wp\/v2\/pages"}],"about":[{"href":"https:\/\/allaboutdatingscams.com\/es\/wp-json\/wp\/v2\/types\/page"}],"author":[{"embeddable":true,"href":"https:\/\/allaboutdatingscams.com\/es\/wp-json\/wp\/v2\/users\/2"}],"replies":[{"embeddable":true,"href":"https:\/\/allaboutdatingscams.com\/es\/wp-json\/wp\/v2\/comments?post=224"}],"version-history":[{"count":7,"href":"https:\/\/allaboutdatingscams.com\/es\/wp-json\/wp\/v2\/pages\/224\/revisions"}],"predecessor-version":[{"id":10260,"href":"https:\/\/allaboutdatingscams.com\/es\/wp-json\/wp\/v2\/pages\/224\/revisions\/10260"}],"wp:attachment":[{"href":"https:\/\/allaboutdatingscams.com\/es\/wp-json\/wp\/v2\/media?parent=224"}],"curies":[{"name":"wp","href":"https:\/\/api.w.org\/{rel}","templated":true}]}}