{"id":230,"date":"2021-05-05T14:53:09","date_gmt":"2021-05-05T14:53:09","guid":{"rendered":"https:\/\/allaboutdatingscams.com\/check-if-a-russian-dating-site-is-honest-or-scam\/"},"modified":"2025-04-08T10:43:47","modified_gmt":"2025-04-08T10:43:47","slug":"compruebe-si-un-sitio-o-agencia-de-citas-es-honesto","status":"publish","type":"page","link":"https:\/\/allaboutdatingscams.com\/es\/compruebe-si-un-sitio-o-agencia-de-citas-es-honesto\/","title":{"rendered":"Compruebe si un sitio o agencia de citas es honesto"},"content":{"rendered":"<div class=\"content\">\n<p>Comprueba las estafas en los sitios de citas rusos<\/p>\n<p><span style=\"font-weight: 400;\">El peligro asociado con los sitios web de citas y las agencias de emparejamiento rusos ha aumentado considerablemente en los \u00faltimos a\u00f1os. A diferencia de los spammers que usan cuentas falsas para enviar correos electr\u00f3nicos directamente a tu cuenta, la mayor\u00eda de las mujeres en estos sitios web y agencias de emparejamiento son aut\u00e9nticas. En ese caso, cada vez es m\u00e1s dif\u00edcil identificar una estafa de inmediato. El problema ahora radica en determinar si una agencia de emparejamiento o un sitio web de citas es realmente leg\u00edtimo o simplemente utiliza cuentas genuinas para ocultar actividades fraudulentas.<\/span><\/p>\n<p class=\"i\">Toda la historia de las estafas de citas rusas desde 1990. Los secretos de estafa mejor guardados de las agencias matrimoniales internacionales.<\/p>\n<div class=\"video_container\">\n<div class=\"embed-container\"><iframe loading=\"lazy\" title=\"Ukraine Marriage Agency - Online Dating Scams | What Dating Agency Will Never Tell You\" width=\"500\" height=\"281\" src=\"https:\/\/www.youtube.com\/embed\/MZ5JmYVNJUc?feature=oembed\" frameborder=\"0\" allow=\"accelerometer; autoplay; clipboard-write; encrypted-media; gyroscope; picture-in-picture; web-share\" referrerpolicy=\"strict-origin-when-cross-origin\" allowfullscreen><\/iframe><\/div>\n<\/div>\n<p>La operaci\u00f3n parece algo complicada, ya que los sitios de citas o agencias matrimoniales rusos pueden estar registrados en tu pa\u00eds y tener un sitio web muy fiable. Sin embargo, existen m\u00e9todos muy sencillos para saber si un servicio de emparejamiento o un sitio de citas ruso con mujeres rusas es serio y honesto o si se trata de una estafa. \u00a1No encontrar\u00e1s este tipo de informaci\u00f3n en ning\u00fan otro lugar, solo en nuestro sitio!<\/p>\n<p><span style=\"font-weight: 400;\">En 2025, es fundamental ser a\u00fan m\u00e1s cauteloso que antes. Los estafadores utilizan t\u00e1cticas m\u00e1s avanzadas y muchas plataformas de citas parecen m\u00e1s profesionales que nunca. Afortunadamente, ahora existen m\u00faltiples herramientas y servicios disponibles para verificar tanto los sitios de citas como los perfiles individuales; \u00fasalos antes de involucrarte.<\/span><\/p>\n<p><span style=\"font-weight: 400;\">Aqu\u00ed tienes tu gu\u00eda paso a paso:<\/span><\/p>\n<h2 style=\"text-align: left;\"><strong>1. Observa el rango de edad de las mujeres<\/strong><\/h2>\n<p>El porcentaje de chicas rusas entre 18 y 25 a\u00f1os no debe superar el 15% del total de perfiles presentados en la p\u00e1gina de citas o el servicio de emparejamiento. \u00bfPor qu\u00e9? Porque lo cierto es que las chicas de esta edad rara vez est\u00e1n interesadas en conocer a un extranjero. Las p\u00e1ginas de citas fraudulentas est\u00e1n repletas de chicas atractivas menores de 25 a\u00f1os.<\/p>\n<div class=\"video_container\">\n<div class=\"embed-container\"><iframe loading=\"lazy\" title=\"Online romance scams of Russian and Ukrainian dating and marriage sites\" width=\"500\" height=\"281\" src=\"https:\/\/www.youtube.com\/embed\/JKVB-Hk9Axs?feature=oembed\" frameborder=\"0\" allow=\"accelerometer; autoplay; clipboard-write; encrypted-media; gyroscope; picture-in-picture; web-share\" referrerpolicy=\"strict-origin-when-cross-origin\" allowfullscreen><\/iframe><\/div>\n<\/div>\n<h2 style=\"text-align: left;\"><strong>2. Cuidado con los perfiles falsos<\/strong><\/h2>\n<p>Si el sitio est\u00e1 lleno de perfiles de modelos rusas, es muy probable que sea una estafa de citas. En realidad, las mujeres rusas y ucranianas m\u00e1s guapas y atractivas tienen la verg\u00fcenza de elegir en su pa\u00eds y rara vez usan sitios de citas y agencias matrimoniales. Echa un vistazo a algunos perfiles en www.ukreine.com: ver\u00e1s algunos de mujeres rusas y ucranianas que realmente existen y est\u00e1n seriamente interesadas en el matrimonio.<\/p>\n<p class=\"i\">Mira este video: una exempleada de una agencia de citas local en Ucrania confiesa que tuvo que subir perfiles falsos a diferentes sitios de citas como Anastasia, Charmdate, Ua-dreams y Victoriabrides, y que obligaba a los hombres a gastar dinero en mensajes y chats.<\/p>\n<div class=\"video_container\">\n<div class=\"embed-container\"><iframe loading=\"lazy\" title=\"How Russian romance scam works: a &quot;Russian bride&quot; confession\" width=\"500\" height=\"281\" src=\"https:\/\/www.youtube.com\/embed\/_tGGgAHDX38?feature=oembed\" frameborder=\"0\" allow=\"accelerometer; autoplay; clipboard-write; encrypted-media; gyroscope; picture-in-picture; web-share\" referrerpolicy=\"strict-origin-when-cross-origin\" allowfullscreen><\/iframe><\/div>\n<\/div>\n<h2 style=\"text-align: left;\"><strong>3. Haz la prueba de perfil<\/strong><\/h2>\n<p>Intenta crear un perfil con pocos detalles que no sea atractivo para ninguna mujer: sin foto de perfil, mayor de 50 a\u00f1os, sin descripci\u00f3n detallada, baja estatura, peso excesivo. Espera uno o dos d\u00edas. Si recibes muchos mensajes de hermosas j\u00f3venes rusas y ucranianas, se trata de una estafa en una p\u00e1gina de citas rusa. Si, tras realizar algunos cambios en tu perfil, el inter\u00e9s de las mujeres aumenta, es una se\u00f1al relevante.<\/p>\n<h2 style=\"text-align: left;\"><strong>4. \u00bfSe permite la comunicaci\u00f3n directa?<\/strong><\/h2>\n<p>Consulta las normas de la p\u00e1gina de citas rusa. \u00bfEs posible contactar directamente con la chica rusa o ucraniana? Si esto no es posible, el riesgo de ser una estafa es muy alto: \u00bfc\u00f3mo puedes estar seguro de que realmente te escribe y de que no se trata de una estafa? Si es as\u00ed, deber\u00edas poder ver a la chica por Skype, no en el chat de pago. \u00bfPor qu\u00e9? Porque si hablas con ella por Skype, significa que est\u00e1 realmente interesada en ti, y si te obligan a comunicarte solo por el chat de pago, lo m\u00e1s probable es que la joven rusa o ucraniana solo lo haga para ganar el dinero que la agencia de estafas paga por cada minuto que pasa contigo en el chat.<\/p>\n<h2 style=\"text-align: left;\"><strong>5. Lee rese\u00f1as reales e informes de estafas<\/strong><\/h2>\n<p>Lee testimonios de ese sitio de citas internacional o agencia matrimonial en la secci\u00f3n \u00ab<a title=\"Estafas en sitios de citas rusos\" href=\"https:\/\/forum.allaboutdatingscams.com\/es\">Estafas en sitios de citas<\/a>\u00bb de nuestro sitio o en otros foros. Busca esta agencia matrimonial en las listas de estafas de sitios de citas. Si eres v\u00edctima de una estafa, comparte tu testimonio en nuestro sitio o escr\u00edbenos a info@allaboutdatingscams.com<\/p>\n<p class=\"i\">Mira este video: Un hombre estadounidense fue estafado por 300.000 USD en un sitio de citas de pago por carta (Valentime) en 11 meses<\/p>\n<div class=\"video_container\">\n<div class=\"embed-container\"><iframe loading=\"lazy\" title=\"The biggest online dating scam by a instagram model from Russia\" width=\"500\" height=\"281\" src=\"https:\/\/www.youtube.com\/embed\/MacOp3zypMc?feature=oembed\" frameborder=\"0\" allow=\"accelerometer; autoplay; clipboard-write; encrypted-media; gyroscope; picture-in-picture; web-share\" referrerpolicy=\"strict-origin-when-cross-origin\" allowfullscreen><\/iframe><\/div>\n<\/div>\n<h2 style=\"text-align: left;\"><strong>6. Lee rese\u00f1as reales y denuncias de estafas<\/strong><\/h2>\n<p><span style=\"font-weight: 400;\">Lee atentamente los t\u00e9rminos y precios del sitio de citas. Las tarifas ocultas, las altas tarifas por minuto de chat o las pol\u00edticas de reembolso poco claras son se\u00f1ales de que la agencia est\u00e1 m\u00e1s interesada en tu bolsillo que en tu futura esposa. Un servicio de emparejamiento genuino ser\u00e1 transparente sobre los costos, su funcionamiento y lo que obtienes por tu dinero.<\/span><\/p>\n<h2 style=\"text-align: left;\"><strong>\u00bfQu\u00e9 pasa si a\u00fan no estoy seguro?<\/strong><\/h2>\n<p><span style=\"font-weight: 400;\">Ofrecemos verificaci\u00f3n de perfil y <a href=\"https:\/\/verifications.allaboutdatingscams.com\/es\">verificaci\u00f3n de antecedentes<\/a> para matrimonio. Si tienes dudas, perm\u00edtenos ayudarte a confirmar si la mujer con la que est\u00e1s chateando es real o forma parte de una estafa rom\u00e1ntica.<\/span><br \/>\n<span style=\"font-weight: 400;\">Solo env\u00edanos sus datos (nombre, fotos, mensajes) y los investigaremos discretamente.<\/span><\/p>\n<p>Si a\u00fan tienes dudas y quieres comprobar si una p\u00e1gina de citas o una agencia matrimonial es una estafa, no dudes en contactarnos.<\/p>\n<p>\u00a1Mucha suerte en tu b\u00fasqueda de la mujer rusa o ucraniana perfecta!<\/p>\n<\/div>\n","protected":false},"excerpt":{"rendered":"<p>Comprueba las estafas en los sitios de citas rusos El peligro asociado con los sitios web de citas y las agencias de emparejamiento rusos ha aumentado considerablemente en los \u00faltimos a\u00f1os. A diferencia de los spammers que usan cuentas falsas para enviar correos electr\u00f3nicos directamente a tu cuenta, la mayor\u00eda de las mujeres en estos [&hellip;]<\/p>\n","protected":false},"author":2,"featured_media":0,"parent":0,"menu_order":0,"comment_status":"closed","ping_status":"closed","template":"template-with_leftsidebar.php","meta":{"_glsr_average":0,"_glsr_ranking":0,"_glsr_reviews":0,"footnotes":"","_links_to":"","_links_to_target":""},"class_list":["post-230","page","type-page","status-publish","hentry"],"_links":{"self":[{"href":"https:\/\/allaboutdatingscams.com\/es\/wp-json\/wp\/v2\/pages\/230","targetHints":{"allow":["GET"]}}],"collection":[{"href":"https:\/\/allaboutdatingscams.com\/es\/wp-json\/wp\/v2\/pages"}],"about":[{"href":"https:\/\/allaboutdatingscams.com\/es\/wp-json\/wp\/v2\/types\/page"}],"author":[{"embeddable":true,"href":"https:\/\/allaboutdatingscams.com\/es\/wp-json\/wp\/v2\/users\/2"}],"replies":[{"embeddable":true,"href":"https:\/\/allaboutdatingscams.com\/es\/wp-json\/wp\/v2\/comments?post=230"}],"version-history":[{"count":3,"href":"https:\/\/allaboutdatingscams.com\/es\/wp-json\/wp\/v2\/pages\/230\/revisions"}],"predecessor-version":[{"id":25456,"href":"https:\/\/allaboutdatingscams.com\/es\/wp-json\/wp\/v2\/pages\/230\/revisions\/25456"}],"wp:attachment":[{"href":"https:\/\/allaboutdatingscams.com\/es\/wp-json\/wp\/v2\/media?parent=230"}],"curies":[{"name":"wp","href":"https:\/\/api.w.org\/{rel}","templated":true}]}}