{"id":502,"date":"2022-01-11T14:43:17","date_gmt":"2022-01-11T14:43:17","guid":{"rendered":"https:\/\/allaboutdatingscams.com\/?page_id=502\/"},"modified":"2022-10-12T15:37:35","modified_gmt":"2022-10-12T15:37:35","slug":"todo-sobre-las-mujeres-rusas","status":"publish","type":"page","link":"https:\/\/allaboutdatingscams.com\/es\/todo-sobre-las-mujeres-rusas\/","title":{"rendered":"Todo sobre las mujeres rusas"},"content":{"rendered":"<p>\u00bfC\u00f3mo responder a las novias rusas reales<\/p>\n<p>El conocimiento es el poder m\u00e1s grande. Peque\u00f1os v\u00eddeos gratuitos que hemos creado para que le ense\u00f1ar\u00e1 c\u00f3mo buscar perfiles reales, c\u00f3mo satisfacer, seducir y casarse con bellas chicas rusas y ucranianas sin pagar mucho.<\/p>\n","protected":false},"excerpt":{"rendered":"<p>\u00bfC\u00f3mo responder a las novias rusas reales El conocimiento es el poder m\u00e1s grande. Peque\u00f1os v\u00eddeos gratuitos que hemos creado para que le ense\u00f1ar\u00e1 c\u00f3mo buscar perfiles reales, c\u00f3mo satisfacer, seducir y casarse con bellas chicas rusas y ucranianas sin pagar mucho.<\/p>\n","protected":false},"author":2,"featured_media":0,"parent":0,"menu_order":0,"comment_status":"closed","ping_status":"closed","template":"template-with_leftsidebar.php","meta":{"_glsr_average":0,"_glsr_ranking":0,"_glsr_reviews":0,"footnotes":"","_links_to":"","_links_to_target":""},"class_list":["post-502","page","type-page","status-publish","hentry"],"_links":{"self":[{"href":"https:\/\/allaboutdatingscams.com\/es\/wp-json\/wp\/v2\/pages\/502","targetHints":{"allow":["GET"]}}],"collection":[{"href":"https:\/\/allaboutdatingscams.com\/es\/wp-json\/wp\/v2\/pages"}],"about":[{"href":"https:\/\/allaboutdatingscams.com\/es\/wp-json\/wp\/v2\/types\/page"}],"author":[{"embeddable":true,"href":"https:\/\/allaboutdatingscams.com\/es\/wp-json\/wp\/v2\/users\/2"}],"replies":[{"embeddable":true,"href":"https:\/\/allaboutdatingscams.com\/es\/wp-json\/wp\/v2\/comments?post=502"}],"version-history":[{"count":1,"href":"https:\/\/allaboutdatingscams.com\/es\/wp-json\/wp\/v2\/pages\/502\/revisions"}],"predecessor-version":[{"id":503,"href":"https:\/\/allaboutdatingscams.com\/es\/wp-json\/wp\/v2\/pages\/502\/revisions\/503"}],"wp:attachment":[{"href":"https:\/\/allaboutdatingscams.com\/es\/wp-json\/wp\/v2\/media?parent=502"}],"curies":[{"name":"wp","href":"https:\/\/api.w.org\/{rel}","templated":true}]}}