{"id":208,"date":"2021-05-05T14:33:36","date_gmt":"2021-05-05T14:33:36","guid":{"rendered":"https:\/\/allaboutdatingscams.com\/prices-in-ukraine-and-russia\/"},"modified":"2022-11-26T20:48:09","modified_gmt":"2022-11-26T20:48:09","slug":"prix-en-ukraine-et-russie","status":"publish","type":"page","link":"https:\/\/allaboutdatingscams.com\/fr\/prix-en-ukraine-et-russie\/","title":{"rendered":"Prix en Ukraine et Russie"},"content":{"rendered":"<div class=\"content\">\n<h2>V\u00e9rit\u00e9 des prix \u200b\u200ben Ukraine et Russie<\/h2>\n<p><em>Veuillez nous contacter si vous ne trouver pas le prix que vous recherchez sur cette page.<\/em><\/p>\n<h3><strong>Passeport international en Russie:<\/strong><\/h3>\n<p>3500-5000 roubles ou 40-60 USD pour un passeport international biom\u00e9trique russe.<\/p>\n<h3><strong>Passeport international en Ukraine:<\/strong><\/h3>\n<p>694 UAH ou 25 USD (en 20 jours ouvr\u00e9s), 1046 UAH ou 40 USD (livraison sous 7 jours) un passeport international biom\u00e9trique ukrainien.<\/p>\n<h4><strong>Visa pour les \u00c9tats-Unis, l&rsquo;Australie, le Canada, le Royaume-Uni et la Nouvelle-Z\u00e9lande pour les citoyens russes et ukrainiens\u00a0:<\/strong><\/h4>\n<p>Les agences de voyages en Russie ou Ukraine ne s&rsquo;occupent pas des visas de voyage pour ces pays car ils sont extr\u00eamement difficiles \u00e0 obtenir, la pr\u00e9paration des documents est longue et le taux de refus est \u00e9lev\u00e9.<\/p>\n<p>La plupart des visas pour ces pays sont d\u00e9livr\u00e9s pour des voyages officiels, des comp\u00e9titions sportives, des programmes d&rsquo;\u00e9change d&rsquo;\u00e9tudiants, etc.<\/p>\n<p>Si une femme de Russie <a href=\"https:\/\/forum.allaboutdatingscams.com\/forum\/voyager-en-ukraine\/post\/location-vehicule-ukraine\">ou d&rsquo;Ukraine<\/a> veut obtenir un visa pour l&rsquo;un de ces pays, elle devrait obtenir une invitation officielle de l&rsquo;homme.<\/p>\n<p>Si l&rsquo;homme n&rsquo;a pas rencontr\u00e9 la femme en personne auparavant, le visa sera refus\u00e9 m\u00eame si vous envoyez l&rsquo;invitation.<\/p>\n<p>La seule fa\u00e7on d&rsquo;obtenir un visa est de venir rencontrer la dame et de l&rsquo;inviter seulement apr\u00e8s cela.<\/p>\n<p>M\u00eame apr\u00e8s la rencontre personnelle la d\u00e9livrance du visa n&rsquo;est pas garantie et d\u00e9pend aussi du revenu officiel de la femme, de ses voyages \u00e0 l&rsquo;\u00e9tranger dans le pass\u00e9 et plusieurs autres facteurs qui vont persuader l&rsquo;ambassade que la femme va retourner dans son pays apr\u00e8s le voyage.<\/p>\n<p>Le prix du visa est inf\u00e9rieur \u00e0 100 USD.<\/p>\n<p>Il peut y avoir des frais suppl\u00e9mentaires pour se rendre \u00e0 l&rsquo;ambassade pour demander le visa en personne.<\/p>\n<h2><strong>Visa vers les pays europ\u00e9ens pour les femmes russes et bi\u00e9lorusses<\/strong><\/h2>\n<p>Les pays touristiques comme l&rsquo;Espagne, Chypre, la Gr\u00e8ce et certains autres pays peuvent facilement d\u00e9livrer des visas pour les voyages de groupe organis\u00e9s par les agences de voyages.<\/p>\n<p>Il est plus difficile d&rsquo;obtenir un visa pour un voyage priv\u00e9, la femme aura besoin d&rsquo;une invitation.<\/p>\n<p>Si l&rsquo;homme n&rsquo;a pas rencontr\u00e9 la femme en personne auparavant, le visa sera refus\u00e9 m\u00eame si vous envoyez l&rsquo;invitation.<\/p>\n<p>Le prix du visa est inf\u00e9rieur \u00e0 100 USD.<\/p>\n<p>Il peut y avoir des frais suppl\u00e9mentaires pour se rendre \u00e0 l&rsquo;ambassade pour demander un visa en personne.<\/p>\n<h3><strong>Preuves des revenus \u00e0 pr\u00e9senter \u00e0 l&rsquo;ambassade pour avoir le visa<\/strong><\/h3>\n<\/div>\n<p>Il est vrai que l&rsquo;ambassade exige que la femme prouve qu&rsquo;elle a des moyens pour subsister \u00e0 ses frais durant le voyage. Le montant exig\u00e9 est aux alentours de 50 euros\/jour minimum meme si l&rsquo;homme envoie une lettre de garantie qu&rsquo;il va couvrir ses frais durant le s\u00e9jour.<\/p>\n<p>Il faut faire tr\u00e8s attention car les escrocs utilisent souvent cette condition pour extorquer l&rsquo;argent aupr\u00e8s des hommes occidentaux.<\/p>\n<p><em>Contactez-nous si une femme vous demande de l&rsquo;argent sous ce pr\u00e9texte.<\/em><\/p>\n<div class=\"content\">\n<h3><strong>Visa pour la plupart des pays europ\u00e9ens pour les femmes ukrainiennes<\/strong><\/h3>\n<p>Pas besoin de visa pour les pays de l&rsquo;espace Schengen, les femmes doivent avoir un passeport international biom\u00e9trique ukrainien et une assurance voyage.<\/p>\n<p><b>Les femmes de la r\u00e9gion du Donbass (une partie des r\u00e9gions ukrainiens de Luhansk et de Donetsk occup\u00e9e et contr\u00f4l\u00e9e par la Russie) :<\/b><\/p>\n<p>L&rsquo;obtention du passeport international ukrainien et du visa ne peut se faire que sur le territoire contr\u00f4l\u00e9 par le gouvernement ukrainien. Les femmes sont donc oblig\u00e9es de se d\u00e9placer sur le territoire contr\u00f4l\u00e9 par le gouvernement ukrainien pour avoir les documents.<\/p>\n<p>Le prix en Ukraine varie du prix pour se rendre \u00e0 la ville la plus proche contr\u00f4l\u00e9e par le gouvernement ukrainien.<\/p>\n<p>Vous feriez mieux de nous contacter directement pour toutes les questions li\u00e9es \u00e0 cette r\u00e9gion (comme<br \/>\n&#8211;<em> Y a-t-il une guerre ? &#8211; Les gens ont-ils un r\u00e9seau mobile\u00a0?<\/em> Etc.).<\/p>\n<p><strong>Voyager depuis la Russie, l&rsquo;Ukraine, la Bi\u00e9lorussie et d&rsquo;autres pays pays de l&rsquo;Ex-URSS \u00e0 l&rsquo;\u00e9tranger si vous avez une hypoth\u00e8que non pay\u00e9e ou une autre dette :<\/strong><\/p>\n<p>Les citoyens des pays mentionn\u00e9s ci-dessus ne peuvent pas voyager \u00e0 l&rsquo;\u00e9tranger uniquement s&rsquo;il existe la d\u00e9cision du tribunal interdisant de quitter le pays. Cela arrive assez rarement et concerne des particuliers ayant d&rsquo;importantes dettes non pay\u00e9es.<\/p>\n<p><img loading=\"lazy\" decoding=\"async\" class=\"alignnone size-medium wp-image-3226\" src=\"https:\/\/allaboutdatingscams.com\/wp-content\/uploads\/2022\/08\/1-1-300x200.jpeg\" alt=\"prix en ukraine\" width=\"300\" height=\"200\" srcset=\"https:\/\/allaboutdatingscams.com\/wp-content\/uploads\/2022\/08\/1-1-300x200.jpeg 300w, https:\/\/allaboutdatingscams.com\/wp-content\/uploads\/2022\/08\/1-1-1024x682.jpeg 1024w, https:\/\/allaboutdatingscams.com\/wp-content\/uploads\/2022\/08\/1-1-768x511.jpeg 768w, https:\/\/allaboutdatingscams.com\/wp-content\/uploads\/2022\/08\/1-1-1536x1023.jpeg 1536w, https:\/\/allaboutdatingscams.com\/wp-content\/uploads\/2022\/08\/1-1-2048x1364.jpeg 2048w\" sizes=\"auto, (max-width: 300px) 100vw, 300px\" \/><\/p>\n<h2><strong>Prix en Ukraine : Connexion Internet<\/strong><\/h2>\n<p>10-15 USD par mois pour Internet r\u00e9sidentiel disponible dans TOUTES les grandes et petites villes, certains villages \u00e9loign\u00e9s peuvent \u00eatre une exception.<\/p>\n<p>10-15 USD par mois pour des donn\u00e9es mobiles illimit\u00e9es disponibles dans TOUTES les grandes et petites villes, dans les petits villages tr\u00e8s \u00e9loign\u00e9s la vitesse des donn\u00e9es peut \u00eatre lente.<\/p>\n<p>Le r\u00e9seau de couverture mobile et de donn\u00e9es est bien d\u00e9velopp\u00e9 et tr\u00e8s abordable. Impossible de trouver une personne de moins de 60 ans qui n&rsquo;a pas un acc\u00e8s permanent \u00e0 Internet.<\/p>\n<h3><strong>Cyber \u200b\u200bcaf\u00e9\/Internet caf\u00e9:<\/strong><\/h3>\n<p>N&rsquo;existe plus en Ukraine ou en Russie car le wifi gratuit est disponible dans tous les centres commerciaux, de nombreuses institutions, tous les bureaux, \u00e9coles, universit\u00e9s, etc.<\/p>\n<h3><strong>T\u00e9l\u00e9phone mobile:<\/strong><\/h3>\n<p>A partir de 150 USD pour les nouveaux smartphones chinois. Vous pouvez acheter des smartphones d&rsquo;occasion \u00e0 partir de 50 USD<\/p>\n<h3><strong>Les salaires:<\/strong><\/h3>\n<p>Le salaire net moyen en Russie est de 40000 roubles ou 500 USD<\/p>\n<p>Le salaire net moyen en Ukraine est de 12000 UAH ou 450 USD<\/p>\n<p><img loading=\"lazy\" decoding=\"async\" class=\"alignnone size-medium wp-image-3229\" src=\"https:\/\/allaboutdatingscams.com\/wp-content\/uploads\/2022\/08\/3-2-300x200.jpeg\" alt=\"porte monnaie\" width=\"300\" height=\"200\" srcset=\"https:\/\/allaboutdatingscams.com\/wp-content\/uploads\/2022\/08\/3-2-300x200.jpeg 300w, https:\/\/allaboutdatingscams.com\/wp-content\/uploads\/2022\/08\/3-2-1024x684.jpeg 1024w, https:\/\/allaboutdatingscams.com\/wp-content\/uploads\/2022\/08\/3-2-768x513.jpeg 768w, https:\/\/allaboutdatingscams.com\/wp-content\/uploads\/2022\/08\/3-2-1536x1025.jpeg 1536w, https:\/\/allaboutdatingscams.com\/wp-content\/uploads\/2022\/08\/3-2-2048x1367.jpeg 2048w\" sizes=\"auto, (max-width: 300px) 100vw, 300px\" \/><\/p>\n<p><strong>Services m\u00e9dicaux:<\/strong><\/p>\n<p>Les services m\u00e9dicaux publics sont soit gratuits (prix en Ukraine), soit fournis gratuitement avec une assurance accessible \u00e0 tous (Russie)<\/p>\n<p>Cependant, les h\u00f4pitaux et les m\u00e9decins r\u00e9clament souvent de l&rsquo;argent suppl\u00e9mentaire qui est pay\u00e9 en esp\u00e8ces ou transf\u00e9r\u00e9 sous forme de \u00ab\u00a0dons\u00a0\u00bb \u00e0 des entit\u00e9s hospitali\u00e8res \u00ab\u00a0\u00e0 but non lucratif\u00a0\u00bb.<\/p>\n<p><em>Contactez-nous si une dame demande de l&rsquo;argent pour un traitement m\u00e9dical comme quoi elle ne supporte pas les prix en Ukraine.<\/em><\/p>\n<\/div>\n<h2><strong>FAQ concernant les prix en Russie ou en Ukraine\u00a0:<\/strong><\/h2>\n<p>Une femme me demande d&rsquo;envoyer de l&rsquo;argent via Western Union ou <a href=\"https:\/\/www.moneygram.com\/\" target=\"_blank\" rel=\"noopener\">Moneygram<\/a>, puis-je lui faire confiance ?<\/p>\n<p>Envoyer de l&rsquo;argent \u00e0 une fille que vous ne connaissez pas en personne est toujours un \u00ab\u00a0drapeau rouge\u00a0\u00bb. Certains escrocs vous fourniront des informations pour le virement bancaire vers la Russie ou l&rsquo;Ukraine, cela ne les rend pas l\u00e9gitimes.<\/p>\n<p>N&rsquo;ENVOYEZ PAS d&rsquo;argent avant d&rsquo;\u00eatre absolument s\u00fbr que la femme est r\u00e9elle et qu&rsquo;elle s&rsquo;int\u00e9resse vraiment \u00e0 vous. Vous pouvez v\u00e9rifier les ant\u00e9c\u00e9dents officiels d&rsquo;une fille russe ou ukrainienne sur notre site, mais notre exp\u00e9rience montre que les hommes amoureux ne suivent pas les faits et la logique, donc si vous h\u00e9sitez encore apr\u00e8s nous avoir contact\u00e9s, d\u00e9crivez la situation \u00e0 vos amis, ils vous persuaderont de faire face \u00e0 la r\u00e9alit\u00e9 et de ne pas continuer \u00e0 suivre vos r\u00eaves.<\/p>\n<h3><strong>De combien d&rsquo;argent ai-je besoin pour vivre en Russie ou en Ukraine ? Prix \u200b\u200ben Russie et Ukraine<\/strong><\/h3>\n<p>Les prix sont vraiment plus \u00e9lev\u00e9s \u00e0 Moscou, Saint-P\u00e9tersbourg en Russie et Kiev, Odessa et Lviv en Ukraine, mais avec 1000 euros par mois votre vie sera assez assez modeste mais confortable, surtout les prix en Ukraine qui\u00a0 sont plus bas.<\/p>\n<p>Dans les petites villes vous pourrez vous permettre bien plus avec un budget de 1000 euros\/mois<\/p>\n<h4><strong>Dois-je parler russe ou ukrainien si je veux passer plusieurs mois dans ce pays ?<\/strong><\/h4>\n<p>Non, \u00e0 condition que vous parlez anglais. Restez plus proche des jeunes qui parlent g\u00e9n\u00e9ralement un peu anglais. Beaucoup de restaurants ont un menu anglais.<\/p>\n<h2><strong>Quel est le prix en Ukraine ou Russie d&rsquo;une rencontre ?<\/strong><\/h2>\n<p>Les agences locales organiseront des rencontres avec de belles jeunes filles pour environ 60-100 euros par fille, mais dans 95% des cas la fille est pay\u00e9e pour aller dans un restaurant chic avec vous. De plus, l&rsquo;agence vous obligera \u00e0 prendre l&rsquo;interpr\u00e8te de l&rsquo;agence qui vous facturera environ 30$ de l&rsquo;heure.<\/p>\n<p>D&rsquo;autre part, les co\u00fbts des agences de rencontres si vous utilisez des sites de rencontres occidentaux pour rencontrer les m\u00eames filles seraient beaucoup plus chers.<\/p>\n<p>Mais m\u00eame si le prix en Ukraine est plus abordable, vous aurez toujours le m\u00eame taux de r\u00e9ussite extr\u00eamement faible.<\/p>\n<p>Ainsi, le prix des rencontres russes est moins important que le fait que l&rsquo;agence de rencontres soit honn\u00eate.<\/p>\n","protected":false},"excerpt":{"rendered":"<p>V\u00e9rit\u00e9 des prix \u200b\u200ben Ukraine et Russie Veuillez nous contacter si vous ne trouver pas le prix que vous recherchez sur cette page. Passeport international en Russie: 3500-5000 roubles ou 40-60 USD pour un passeport international biom\u00e9trique russe. Passeport international en Ukraine: 694 UAH ou 25 USD (en 20 jours ouvr\u00e9s), 1046 UAH ou 40 [&hellip;]<\/p>\n","protected":false},"author":2,"featured_media":3224,"parent":0,"menu_order":0,"comment_status":"closed","ping_status":"closed","template":"template-with_leftsidebar.php","meta":{"_glsr_average":0,"_glsr_ranking":0,"_glsr_reviews":0,"footnotes":"","_links_to":"","_links_to_target":""},"class_list":["post-208","page","type-page","status-publish","has-post-thumbnail","hentry"],"_links":{"self":[{"href":"https:\/\/allaboutdatingscams.com\/fr\/wp-json\/wp\/v2\/pages\/208","targetHints":{"allow":["GET"]}}],"collection":[{"href":"https:\/\/allaboutdatingscams.com\/fr\/wp-json\/wp\/v2\/pages"}],"about":[{"href":"https:\/\/allaboutdatingscams.com\/fr\/wp-json\/wp\/v2\/types\/page"}],"author":[{"embeddable":true,"href":"https:\/\/allaboutdatingscams.com\/fr\/wp-json\/wp\/v2\/users\/2"}],"replies":[{"embeddable":true,"href":"https:\/\/allaboutdatingscams.com\/fr\/wp-json\/wp\/v2\/comments?post=208"}],"version-history":[{"count":9,"href":"https:\/\/allaboutdatingscams.com\/fr\/wp-json\/wp\/v2\/pages\/208\/revisions"}],"predecessor-version":[{"id":5755,"href":"https:\/\/allaboutdatingscams.com\/fr\/wp-json\/wp\/v2\/pages\/208\/revisions\/5755"}],"wp:featuredmedia":[{"embeddable":true,"href":"https:\/\/allaboutdatingscams.com\/fr\/wp-json\/wp\/v2\/media\/3224"}],"wp:attachment":[{"href":"https:\/\/allaboutdatingscams.com\/fr\/wp-json\/wp\/v2\/media?parent=208"}],"curies":[{"name":"wp","href":"https:\/\/api.w.org\/{rel}","templated":true}]}}