{"id":220,"date":"2021-05-05T07:07:20","date_gmt":"2021-05-05T07:07:20","guid":{"rendered":"https:\/\/allaboutdatingscams.com\/contact-us\/"},"modified":"2024-10-19T08:38:41","modified_gmt":"2024-10-19T08:38:41","slug":"contact-us","status":"publish","type":"page","link":"https:\/\/allaboutdatingscams.com\/fr\/contact-us\/","title":{"rendered":"Contacez-nous"},"content":{"rendered":"<p><strong>Email:<\/strong>\u00a0<a href=\"mailto:info@allaboutdatingscams.com\">info@allaboutdatingscams.com<\/a><\/p>\n<div class=\"\u201dphone\u201d\">\n<p><strong>T\u00e9l<\/strong>:+1-438-391-82-75<\/p>\n<p>Bienvenue sur notre outil de v\u00e9rification des arnaques \u00e0 la drague pour les femmes. Ici, vous pouvez v\u00e9rifier les ant\u00e9c\u00e9dents d&rsquo;une fille que vous souhaitez rencontrer pour vous assurer qu&rsquo;elle n&rsquo;est pas une arnaqueuse.<\/p>\n<p>Notre site vous permet d&rsquo;effectuer des recherches sur l&rsquo;historique des rencontres d&rsquo;une femme et sur ses ant\u00e9c\u00e9dents, ce qui vous donne les informations dont vous avez besoin pour prendre une d\u00e9cision \u00e9clair\u00e9e quant \u00e0 la poursuite d&rsquo;une relation avec elle. Nous comprenons que les rencontres peuvent \u00eatre compliqu\u00e9es et que les escrocs existent, c&rsquo;est pourquoi nous avons cr\u00e9\u00e9 ce service pour vous aider \u00e0 ne pas vous faire avoir.<\/p>\n<p>En utilisant notre site, vous avez l&rsquo;assurance de prendre les mesures n\u00e9cessaires pour vous prot\u00e9ger des escrocs.<\/p>\n<\/div>\n<h2>Si vous voulez nous \u00e9crire, veuillez saisir notre page de contact<\/h2>\n\n<div class=\"wpcf7 no-js\" id=\"wpcf7-f482-o1\" lang=\"fr-FR\" dir=\"ltr\" data-wpcf7-id=\"482\">\n<div class=\"screen-reader-response\"><p role=\"status\" aria-live=\"polite\" aria-atomic=\"true\"><\/p> <ul><\/ul><\/div>\n<form action=\"\/fr\/wp-json\/wp\/v2\/pages\/220#wpcf7-f482-o1\" method=\"post\" class=\"wpcf7-form init\" aria-label=\"Formulaire de contact\" novalidate=\"novalidate\" data-status=\"init\">\n<div style=\"display: none;\">\n<input type=\"hidden\" name=\"_wpcf7\" value=\"482\" \/>\n<input type=\"hidden\" name=\"_wpcf7_version\" value=\"6.0.5\" \/>\n<input type=\"hidden\" name=\"_wpcf7_locale\" value=\"fr_FR\" \/>\n<input type=\"hidden\" name=\"_wpcf7_unit_tag\" value=\"wpcf7-f482-o1\" \/>\n<input type=\"hidden\" name=\"_wpcf7_container_post\" value=\"0\" \/>\n<input type=\"hidden\" name=\"_wpcf7_posted_data_hash\" value=\"\" \/>\n<input type=\"hidden\" name=\"_wpcf7_recaptcha_response\" value=\"\" \/>\n<\/div>\n<div class=\"form-wrapper\">\n\t<div class=\"input-field\">\n\t\t<p><label>Votre nom :<span>*<\/span><\/label><br \/>\n<span class=\"wpcf7-form-control-wrap\" data-name=\"frm-name\"><input size=\"40\" maxlength=\"400\" class=\"wpcf7-form-control wpcf7-text wpcf7-validates-as-required\" aria-required=\"true\" aria-invalid=\"false\" value=\"\" type=\"text\" name=\"frm-name\" \/><\/span>\n\t\t<\/p>\n\t<\/div>\n\t<div class=\"input-field\">\n\t\t<p><label>E-mail:<span>*<\/span><\/label><br \/>\n<span class=\"wpcf7-form-control-wrap\" data-name=\"frm-email\"><input size=\"40\" maxlength=\"400\" class=\"wpcf7-form-control wpcf7-email wpcf7-validates-as-required wpcf7-text wpcf7-validates-as-email\" aria-required=\"true\" aria-invalid=\"false\" value=\"\" type=\"email\" name=\"frm-email\" \/><\/span>\n\t\t<\/p>\n\t<\/div>\n\t<div class=\"input-field\">\n\t\t<p><label>Sujet :<span>*<\/span><\/label><br \/>\n<span class=\"wpcf7-form-control-wrap\" data-name=\"frm-subject\"><input size=\"40\" maxlength=\"400\" class=\"wpcf7-form-control wpcf7-text wpcf7-validates-as-required\" aria-required=\"true\" aria-invalid=\"false\" value=\"\" type=\"text\" name=\"frm-subject\" \/><\/span>\n\t\t<\/p>\n\t<\/div>\n\t<div class=\"input-field\">\n\t\t<p><label>Message :<span>*<\/span><\/label><br \/>\n<span class=\"wpcf7-form-control-wrap\" data-name=\"frm-message\"><textarea cols=\"40\" rows=\"10\" maxlength=\"2000\" class=\"wpcf7-form-control wpcf7-textarea wpcf7-validates-as-required\" aria-required=\"true\" aria-invalid=\"false\" name=\"frm-message\"><\/textarea><\/span>\n\t\t<\/p>\n\t<\/div>\n\t<div class=\"input-btn\">\n\t\t<p><input class=\"wpcf7-form-control wpcf7-submit has-spinner\" type=\"submit\" value=\"Envoyer\" \/>\n\t\t<\/p>\n\t<\/div>\n<\/div><div class=\"wpcf7-response-output\" aria-hidden=\"true\"><\/div>\n<\/form>\n<\/div>\n\n","protected":false},"excerpt":{"rendered":"<p>Email:\u00a0info@allaboutdatingscams.com T\u00e9l:+1-438-391-82-75 Bienvenue sur notre outil de v\u00e9rification des arnaques \u00e0 la drague pour les femmes. Ici, vous pouvez v\u00e9rifier les ant\u00e9c\u00e9dents d&rsquo;une fille que vous souhaitez rencontrer pour vous assurer qu&rsquo;elle n&rsquo;est pas une arnaqueuse. Notre site vous permet d&rsquo;effectuer des recherches sur l&rsquo;historique des rencontres d&rsquo;une femme et sur ses ant\u00e9c\u00e9dents, ce qui [&hellip;]<\/p>\n","protected":false},"author":2,"featured_media":0,"parent":0,"menu_order":0,"comment_status":"closed","ping_status":"closed","template":"template-with_leftsidebar.php","meta":{"_glsr_average":0,"_glsr_ranking":0,"_glsr_reviews":0,"footnotes":"","_links_to":"","_links_to_target":""},"class_list":["post-220","page","type-page","status-publish","hentry"],"_links":{"self":[{"href":"https:\/\/allaboutdatingscams.com\/fr\/wp-json\/wp\/v2\/pages\/220","targetHints":{"allow":["GET"]}}],"collection":[{"href":"https:\/\/allaboutdatingscams.com\/fr\/wp-json\/wp\/v2\/pages"}],"about":[{"href":"https:\/\/allaboutdatingscams.com\/fr\/wp-json\/wp\/v2\/types\/page"}],"author":[{"embeddable":true,"href":"https:\/\/allaboutdatingscams.com\/fr\/wp-json\/wp\/v2\/users\/2"}],"replies":[{"embeddable":true,"href":"https:\/\/allaboutdatingscams.com\/fr\/wp-json\/wp\/v2\/comments?post=220"}],"version-history":[{"count":8,"href":"https:\/\/allaboutdatingscams.com\/fr\/wp-json\/wp\/v2\/pages\/220\/revisions"}],"predecessor-version":[{"id":10256,"href":"https:\/\/allaboutdatingscams.com\/fr\/wp-json\/wp\/v2\/pages\/220\/revisions\/10256"}],"wp:attachment":[{"href":"https:\/\/allaboutdatingscams.com\/fr\/wp-json\/wp\/v2\/media?parent=220"}],"curies":[{"name":"wp","href":"https:\/\/api.w.org\/{rel}","templated":true}]}}