{"id":226,"date":"2022-11-05T14:53:09","date_gmt":"2022-11-05T14:53:09","guid":{"rendered":"https:\/\/allaboutdatingscams.com\/check-if-a-russian-dating-site-is-honest-or-scam\/"},"modified":"2025-04-08T10:27:53","modified_gmt":"2025-04-08T10:27:53","slug":"verifier-si-un-site-ou-agence-de-rencontre-est-honnete","status":"publish","type":"page","link":"https:\/\/allaboutdatingscams.com\/fr\/verifier-si-un-site-ou-agence-de-rencontre-est-honnete\/","title":{"rendered":"V\u00e9rifier si un site ou agence de rencontre est honn\u00eate"},"content":{"rendered":"<div class=\"content\">\n<p>V\u00e9rifiez les arnaques sur les sites de rencontres russes<\/p>\n<p><span style=\"font-weight: 400;\">Le danger associ\u00e9 aux sites de rencontre et agences matrimoniales russes a consid\u00e9rablement augment\u00e9 ces derni\u00e8res ann\u00e9es. Contrairement aux spammeurs qui utilisent de faux comptes pour envoyer des e-mails directement \u00e0 votre compte, la majorit\u00e9 des femmes pr\u00e9sentes sur ces sites et agences matrimoniales sont authentiques. Il devient alors de plus en plus difficile d&rsquo;identifier imm\u00e9diatement une arnaque. Le probl\u00e8me consiste d\u00e9sormais \u00e0 d\u00e9terminer si une agence matrimoniale ou un site de rencontre est r\u00e9ellement l\u00e9gitime ou s&rsquo;il utilise simplement des comptes authentiques pour dissimuler des activit\u00e9s frauduleuses.<\/span><\/p>\n<p class=\"i\">Toute l&rsquo;histoire des arnaques aux rencontres russes depuis 1990. Les secrets d&rsquo;arnaque les mieux gard\u00e9s des agences matrimoniales internationales.<\/p>\n<div class=\"video_container\">\n<div class=\"embed-container\"><iframe loading=\"lazy\" title=\"Ukraine Marriage Agency - Online Dating Scams | What Dating Agency Will Never Tell You\" width=\"500\" height=\"281\" src=\"https:\/\/www.youtube.com\/embed\/MZ5JmYVNJUc?feature=oembed\" frameborder=\"0\" allow=\"accelerometer; autoplay; clipboard-write; encrypted-media; gyroscope; picture-in-picture; web-share\" referrerpolicy=\"strict-origin-when-cross-origin\" allowfullscreen><\/iframe><\/div>\n<\/div>\n<p>L&rsquo;op\u00e9ration semble complexe, car les sites de rencontres ou agences matrimoniales russes peuvent \u00eatre enregistr\u00e9s dans votre pays et poss\u00e9der un site web tr\u00e8s fiable. Il existe cependant des m\u00e9thodes tr\u00e8s simples pour savoir si un service de rencontre ou un site de rencontre russe avec des femmes russes est s\u00e9rieux et honn\u00eate ou s&rsquo;il s&rsquo;agit d&rsquo;une arnaque. Vous ne trouverez ce genre d&rsquo;informations nulle part ailleurs, uniquement sur notre site !<\/p>\n<p><span style=\"font-weight: 400;\">En 2025, il est essentiel d&rsquo;\u00eatre encore plus prudent qu&rsquo;avant. Les escrocs utilisent des tactiques plus sophistiqu\u00e9es et de nombreuses plateformes de rencontre paraissent plus professionnelles que jamais. Heureusement, il existe d\u00e9sormais de nombreux outils et services permettant de v\u00e9rifier les sites de rencontre et les profils individuels ; utilisez-les avant de vous engager.<\/span><\/p>\n<p><span style=\"font-weight: 400;\">Voici votre guide \u00e9tape par \u00e9tape :<\/span><\/p>\n<h2 style=\"text-align: left;\"><strong>1. Regardez la tranche d&rsquo;\u00e2ge des femmes<\/strong><\/h2>\n<p>Le pourcentage de filles russes \u00e2g\u00e9es de 18 \u00e0 25 ans ne doit pas d\u00e9passer 15 % du nombre total de profils pr\u00e9sent\u00e9s sur le site de rencontre ou le service de matchmaking. Pourquoi ? Parce qu&rsquo;en r\u00e9alit\u00e9, les filles de cet \u00e2ge sont rarement int\u00e9ress\u00e9es par les rencontres avec des \u00e9trangers. Les sites de rencontre frauduleux regorgent de filles sexy de moins de 25 ans.<\/p>\n<div class=\"video_container\">\n<div class=\"embed-container\"><iframe loading=\"lazy\" title=\"Online romance scams of Russian and Ukrainian dating and marriage sites\" width=\"500\" height=\"281\" src=\"https:\/\/www.youtube.com\/embed\/JKVB-Hk9Axs?feature=oembed\" frameborder=\"0\" allow=\"accelerometer; autoplay; clipboard-write; encrypted-media; gyroscope; picture-in-picture; web-share\" referrerpolicy=\"strict-origin-when-cross-origin\" allowfullscreen><\/iframe><\/div>\n<\/div>\n<h2 style=\"text-align: left;\"><strong>2. Attention aux profils de mannequins<\/strong><\/h2>\n<p>Si le site regorge de profils de mannequins russes, il y a de fortes chances qu&rsquo;il s&rsquo;agisse d&rsquo;une arnaque. En r\u00e9alit\u00e9, les femmes russes et ukrainiennes les plus belles et les plus sexy ont l&#8217;embarras du choix dans leur propre pays et utilisent rarement les sites de rencontre et les agences matrimoniales. Consultez les profils sur www.ukreine.com : vous y trouverez des profils de femmes russes et ukrainiennes qui existent bel et bien et qui sont s\u00e9rieusement int\u00e9ress\u00e9es par le mariage.<\/p>\n<p class=\"i\">Regardez cette vid\u00e9o : une ancienne employ\u00e9e d&rsquo;une agence de rencontres locale en Ukraine fait une confession : elle a d\u00fb t\u00e9l\u00e9charger de faux profils sur diff\u00e9rents sites de rencontres comme Anastasia, Charmdate, Ua-dreams, Victoriabrides et obliger les hommes \u00e0 d\u00e9penser de l&rsquo;argent en messages et en chats.<\/p>\n<div class=\"video_container\">\n<div class=\"embed-container\"><iframe loading=\"lazy\" title=\"How Russian romance scam works: a &quot;Russian bride&quot; confession\" width=\"500\" height=\"281\" src=\"https:\/\/www.youtube.com\/embed\/_tGGgAHDX38?feature=oembed\" frameborder=\"0\" allow=\"accelerometer; autoplay; clipboard-write; encrypted-media; gyroscope; picture-in-picture; web-share\" referrerpolicy=\"strict-origin-when-cross-origin\" allowfullscreen><\/iframe><\/div>\n<\/div>\n<h2 style=\"text-align: left;\"><strong>3. Testez votre profil<\/strong><\/h2>\n<p>Essayez de cr\u00e9er un profil pauvre en informations qui ne plaira \u00e0 aucune femme : pas de photo, plus de 50 ans, pas de description d\u00e9taill\u00e9e, petite taille, forte corpulence. Attendez 1 \u00e0 2 jours. Si vous recevez beaucoup de messages de belles jeunes femmes russes et ukrainiennes, il s&rsquo;agit d&rsquo;une arnaque sur un site de rencontre russe. Si, apr\u00e8s quelques modifications apport\u00e9es \u00e0 votre profil, l&rsquo;int\u00e9r\u00eat des femmes augmente, c&rsquo;est un signe pertinent.<\/p>\n<h2 style=\"text-align: left;\"><strong>4. \u00cates-vous autoris\u00e9 \u00e0 communiquer directement ?<\/strong><\/h2>\n<p>V\u00e9rifiez les r\u00e8gles du site de rencontre russe. Est-il possible de contacter directement une fille russe ou ukrainienne ? Si ce n&rsquo;est pas possible, le risque d&rsquo;\u00eatre victime d&rsquo;une arnaque est tr\u00e8s \u00e9lev\u00e9 : comment \u00eatre s\u00fbr qu&rsquo;elle vous \u00e9crit r\u00e9ellement et qu&rsquo;il ne s&rsquo;agit pas d&rsquo;une arnaque sur un site de rencontre ? Si oui, vous devriez pouvoir la voir sur Skype, et non sur le site de chat payant. Pourquoi ? Parce que si vous discutez avec la fille sur Skype, cela signifie qu&rsquo;elle est r\u00e9ellement int\u00e9ress\u00e9e par vous, et si vous \u00eates contraint de communiquer uniquement via le chat payant, la jeune femme russe ou ukrainienne le fait probablement uniquement pour gagner l&rsquo;argent que l&rsquo;agence d&rsquo;arnaques paie pour chaque minute pass\u00e9e avec vous sur le chat.<\/p>\n<h2 style=\"text-align: left;\"><strong>5. Consultez les avis authentiques et les rapports d&rsquo;arnaques<\/strong><\/h2>\n<p>Consultez les t\u00e9moignages concernant ce site de rencontre international ou cette agence matrimoniale dans la section \u00ab <a title=\"Arnaques sur les sites de rencontre russes\" href=\"https:\/\/forum.allaboutdatingscams.com\/fr\">Arnaques sur les sites de rencontre<\/a> \u00bb de notre site ou sur d&rsquo;autres forums. Recherchez cette agence matrimoniale sur les listes d&rsquo;arnaques sur les sites de rencontre. Si vous \u00eates victime d&rsquo;une arnaque, partagez votre t\u00e9moignage sur notre site ou \u00e9crivez-nous \u00e0 info@allaboutdatingscams.com<\/p>\n<p class=\"i\">Regardez cette vid\u00e9o : un Am\u00e9ricain se fait arnaquer de 300 000 USD sur un site de rencontre payant (Valentime) en 11 mois.<\/p>\n<div class=\"video_container\">\n<div class=\"embed-container\"><iframe loading=\"lazy\" title=\"The biggest online dating scam by a instagram model from Russia\" width=\"500\" height=\"281\" src=\"https:\/\/www.youtube.com\/embed\/MacOp3zypMc?feature=oembed\" frameborder=\"0\" allow=\"accelerometer; autoplay; clipboard-write; encrypted-media; gyroscope; picture-in-picture; web-share\" referrerpolicy=\"strict-origin-when-cross-origin\" allowfullscreen><\/iframe><\/div>\n<\/div>\n<h2 style=\"text-align: left;\"><strong>6. Lisez les avis authentiques et les signalements d&rsquo;arnaques<\/strong><\/h2>\n<p><span style=\"font-weight: 400;\">Lisez attentivement les conditions et les tarifs du site de rencontre. Des frais cach\u00e9s, des tarifs de chat \u00e0 la minute \u00e9lev\u00e9s ou des politiques de remboursement floues sont des signes que l&rsquo;agence s&rsquo;int\u00e9resse davantage \u00e0 votre portefeuille qu&rsquo;\u00e0 votre future \u00e9pouse. Un service de rencontre s\u00e9rieux sera transparent sur les tarifs, son fonctionnement et ce que vous obtenez pour votre argent.<\/span><\/p>\n<h2 style=\"text-align: left;\"><strong>Que faire si j&rsquo;ai encore des doutes ?<\/strong><\/h2>\n<p><span style=\"font-weight: 400;\"> for Nous proposons des v\u00e9rifications de profil et <a href=\"https:\/\/verifications.allaboutdatingscams.com\/fr\">des v\u00e9rifications d&rsquo;ant\u00e9c\u00e9dents<\/a> pour les mariages. En cas de doute, laissez-nous vous aider \u00e0 confirmer si la femme avec laquelle vous discutez est r\u00e9elle ou si elle est impliqu\u00e9e dans une arnaque sentimentale.<\/span><\/p>\n<p><span style=\"font-weight: 400;\">Envoyez-nous simplement ses coordonn\u00e9es &#8211; nom, photos, messages &#8211; et nous enqu\u00eaterons pour vous en toute discr\u00e9tion.<\/span><\/p>\n<p>Si vous avez encore des doutes et souhaitez v\u00e9rifier si un site de rencontre ou une agence matrimoniale est une arnaque, n&rsquo;h\u00e9sitez pas \u00e0 nous contacter.<\/p>\n<p>Bonne chance dans votre recherche de la femme russe ou ukrainienne id\u00e9ale !<\/p>\n<\/div>\n","protected":false},"excerpt":{"rendered":"<p>V\u00e9rifiez les arnaques sur les sites de rencontres russes Le danger associ\u00e9 aux sites de rencontre et agences matrimoniales russes a consid\u00e9rablement augment\u00e9 ces derni\u00e8res ann\u00e9es. Contrairement aux spammeurs qui utilisent de faux comptes pour envoyer des e-mails directement \u00e0 votre compte, la majorit\u00e9 des femmes pr\u00e9sentes sur ces sites et agences matrimoniales sont authentiques. [&hellip;]<\/p>\n","protected":false},"author":2,"featured_media":4745,"parent":0,"menu_order":0,"comment_status":"closed","ping_status":"closed","template":"template-with_leftsidebar.php","meta":{"_glsr_average":0,"_glsr_ranking":0,"_glsr_reviews":0,"footnotes":"","_links_to":"","_links_to_target":""},"class_list":["post-226","page","type-page","status-publish","has-post-thumbnail","hentry"],"_links":{"self":[{"href":"https:\/\/allaboutdatingscams.com\/fr\/wp-json\/wp\/v2\/pages\/226","targetHints":{"allow":["GET"]}}],"collection":[{"href":"https:\/\/allaboutdatingscams.com\/fr\/wp-json\/wp\/v2\/pages"}],"about":[{"href":"https:\/\/allaboutdatingscams.com\/fr\/wp-json\/wp\/v2\/types\/page"}],"author":[{"embeddable":true,"href":"https:\/\/allaboutdatingscams.com\/fr\/wp-json\/wp\/v2\/users\/2"}],"replies":[{"embeddable":true,"href":"https:\/\/allaboutdatingscams.com\/fr\/wp-json\/wp\/v2\/comments?post=226"}],"version-history":[{"count":13,"href":"https:\/\/allaboutdatingscams.com\/fr\/wp-json\/wp\/v2\/pages\/226\/revisions"}],"predecessor-version":[{"id":25449,"href":"https:\/\/allaboutdatingscams.com\/fr\/wp-json\/wp\/v2\/pages\/226\/revisions\/25449"}],"wp:featuredmedia":[{"embeddable":true,"href":"https:\/\/allaboutdatingscams.com\/fr\/wp-json\/wp\/v2\/media\/4745"}],"wp:attachment":[{"href":"https:\/\/allaboutdatingscams.com\/fr\/wp-json\/wp\/v2\/media?parent=226"}],"curies":[{"name":"wp","href":"https:\/\/api.w.org\/{rel}","templated":true}]}}