{"id":324,"date":"2021-10-22T19:00:04","date_gmt":"2021-10-22T19:00:04","guid":{"rendered":"https:\/\/allaboutdatingscams.com\/?page_id=324\/"},"modified":"2024-09-10T05:07:51","modified_gmt":"2024-09-10T05:07:51","slug":"blog","status":"publish","type":"page","link":"https:\/\/allaboutdatingscams.com\/fr\/blog\/","title":{"rendered":"Blog"},"content":{"rendered":"      <div id=\"post-grid-lazy-1219\" class=\"post-grid-lazy\"><img decoding=\"async\" alt=\"\" src=\"\" \/><\/div>\n    <script>\n      jQuery('#post-grid-lazy-1219').ready(function($) {\n        $('#post-grid-lazy-1219').fadeOut();\n        $('#post-grid-1219   ').fadeIn();\n      })\n    <\/script>\n    <style type=\"text\/css\">\n      #post-grid-1219 {\n        display: none;\n      }\n\n      .post-grid-lazy {\n        text-align: center;\n      }\n    <\/style>\n    <div data-options='{&quot;id&quot;:&quot;1219&quot;,&quot;lazy_load&quot;:&quot;yes&quot;,&quot;masonry_enable&quot;:&quot;no&quot;,&quot;view_type&quot;:&quot;grid&quot;}' id=\"post-grid-1219\" class=\"post-grid grid\">\n        <div class=\"grid-items\">\n      <div class=\"item item-25356 skin flat even 0 \">\n        <div class=\"layer-wrapper layout-\">\n        <div class=\"layer-media\"><\/div>\n  <div class=\"layer-content\">\n        <div\n        class=\"element element_0  element-media \">\n        <a target=\"_self\" href=\"https:\/\/allaboutdatingscams.com\/fr\/levolution-des-arnaques-amoureuses-en-2025-a-quoi-sattendre\/\"><img loading=\"lazy\" decoding=\"async\" width=\"1024\" height=\"683\" src=\"https:\/\/allaboutdatingscams.com\/wp-content\/uploads\/2025\/03\/The-Evolution-of-Romance-Scams-in-2025-1024x683.jpg\" class=\"attachment-large size-large wp-post-image\" alt=\"online relationships\" srcset=\"https:\/\/allaboutdatingscams.com\/wp-content\/uploads\/2025\/03\/The-Evolution-of-Romance-Scams-in-2025-1024x683.jpg 1024w, https:\/\/allaboutdatingscams.com\/wp-content\/uploads\/2025\/03\/The-Evolution-of-Romance-Scams-in-2025-300x200.jpg 300w, https:\/\/allaboutdatingscams.com\/wp-content\/uploads\/2025\/03\/The-Evolution-of-Romance-Scams-in-2025-768x512.jpg 768w, https:\/\/allaboutdatingscams.com\/wp-content\/uploads\/2025\/03\/The-Evolution-of-Romance-Scams-in-2025-1536x1024.jpg 1536w, https:\/\/allaboutdatingscams.com\/wp-content\/uploads\/2025\/03\/The-Evolution-of-Romance-Scams-in-2025.jpg 1920w\" sizes=\"auto, (max-width: 1024px) 100vw, 1024px\" \/><\/a>    <\/div>\n    <div class=\"element element_1  title_link \">\n                    <a target=\"\"\n                href=\"https:\/\/allaboutdatingscams.com\/fr\/levolution-des-arnaques-amoureuses-en-2025-a-quoi-sattendre\/\">L&rsquo;\u00e9volution des arnaques amoureuses en 2025 : \u00e0 quoi s&rsquo;attendre ?<\/a>\n            <\/div>\n    <div class=\"element element_2  excerpt \">\n        Les arnaques sentimentales ne sont pas une tendance nouvelle, m\u00eame si elles \u00e9voluent constamment. Les escrocs ont de plus en            <\/div>\n            <a class=\"element element_3  read_more \"\n            target=\"\"\n            href=\"https:\/\/allaboutdatingscams.com\/fr\/levolution-des-arnaques-amoureuses-en-2025-a-quoi-sattendre\/\"><\/a>\n      <\/div>\n    <\/div>\n  <\/div><div class=\"item item-25251 skin flat odd 1 \">\n        <div class=\"layer-wrapper layout-\">\n        <div class=\"layer-media\"><\/div>\n  <div class=\"layer-content\">\n        <div\n        class=\"element element_0  element-media \">\n        <a target=\"_self\" href=\"https:\/\/allaboutdatingscams.com\/fr\/principaux-signes-davertissement-des-arnaques-amoureuses-sur-telegram\/\"><img loading=\"lazy\" decoding=\"async\" width=\"1024\" height=\"683\" src=\"https:\/\/allaboutdatingscams.com\/wp-content\/uploads\/2025\/03\/popular-messaging-app-1024x683.jpeg\" class=\"attachment-large size-large wp-post-image\" alt=\"popular messaging app\" srcset=\"https:\/\/allaboutdatingscams.com\/wp-content\/uploads\/2025\/03\/popular-messaging-app-1024x683.jpeg 1024w, https:\/\/allaboutdatingscams.com\/wp-content\/uploads\/2025\/03\/popular-messaging-app-300x200.jpeg 300w, https:\/\/allaboutdatingscams.com\/wp-content\/uploads\/2025\/03\/popular-messaging-app-768x512.jpeg 768w, https:\/\/allaboutdatingscams.com\/wp-content\/uploads\/2025\/03\/popular-messaging-app-1536x1024.jpeg 1536w, https:\/\/allaboutdatingscams.com\/wp-content\/uploads\/2025\/03\/popular-messaging-app.jpeg 1920w\" sizes=\"auto, (max-width: 1024px) 100vw, 1024px\" \/><\/a>    <\/div>\n    <div class=\"element element_1  title_link \">\n                    <a target=\"\"\n                href=\"https:\/\/allaboutdatingscams.com\/fr\/principaux-signes-davertissement-des-arnaques-amoureuses-sur-telegram\/\">Principaux Signes d&rsquo;Avertissement des Arnaques Amoureuses sur Telegram<\/a>\n            <\/div>\n    <div class=\"element element_2  excerpt \">\n        Telegram est une application de chat tr\u00e8s utilis\u00e9e qui compte des millions d'utilisateurs \u00e0 travers le monde. L'application est s\u00e9curis\u00e9e            <\/div>\n            <a class=\"element element_3  read_more \"\n            target=\"\"\n            href=\"https:\/\/allaboutdatingscams.com\/fr\/principaux-signes-davertissement-des-arnaques-amoureuses-sur-telegram\/\"><\/a>\n      <\/div>\n    <\/div>\n  <\/div><div class=\"item item-25190 skin flat even 2 \">\n        <div class=\"layer-wrapper layout-\">\n        <div class=\"layer-media\"><\/div>\n  <div class=\"layer-content\">\n        <div\n        class=\"element element_0  element-media \">\n        <a target=\"_self\" href=\"https:\/\/allaboutdatingscams.com\/fr\/comment-savoir-si-vous-etes-victime-dune-arnaque-lors-de-rencontres-en-ligne\/\"><img loading=\"lazy\" decoding=\"async\" width=\"819\" height=\"1024\" src=\"https:\/\/allaboutdatingscams.com\/wp-content\/uploads\/2025\/02\/How-to-Know-if-You-Are-Being-Scammed-on-Online-Dating-Sites-8-819x1024.jpg\" class=\"attachment-large size-large wp-post-image\" alt=\"man and woman kissing during daytime\" srcset=\"https:\/\/allaboutdatingscams.com\/wp-content\/uploads\/2025\/02\/How-to-Know-if-You-Are-Being-Scammed-on-Online-Dating-Sites-8-819x1024.jpg 819w, https:\/\/allaboutdatingscams.com\/wp-content\/uploads\/2025\/02\/How-to-Know-if-You-Are-Being-Scammed-on-Online-Dating-Sites-8-240x300.jpg 240w, https:\/\/allaboutdatingscams.com\/wp-content\/uploads\/2025\/02\/How-to-Know-if-You-Are-Being-Scammed-on-Online-Dating-Sites-8-768x960.jpg 768w, https:\/\/allaboutdatingscams.com\/wp-content\/uploads\/2025\/02\/How-to-Know-if-You-Are-Being-Scammed-on-Online-Dating-Sites-8-1229x1536.jpg 1229w, https:\/\/allaboutdatingscams.com\/wp-content\/uploads\/2025\/02\/How-to-Know-if-You-Are-Being-Scammed-on-Online-Dating-Sites-8-1638x2048.jpg 1638w, https:\/\/allaboutdatingscams.com\/wp-content\/uploads\/2025\/02\/How-to-Know-if-You-Are-Being-Scammed-on-Online-Dating-Sites-8.jpg 2000w\" sizes=\"auto, (max-width: 819px) 100vw, 819px\" \/><\/a>    <\/div>\n    <div class=\"element element_1  title_link \">\n                    <a target=\"\"\n                href=\"https:\/\/allaboutdatingscams.com\/fr\/comment-savoir-si-vous-etes-victime-dune-arnaque-lors-de-rencontres-en-ligne\/\">Comment savoir si vous \u00eates victime d\u2019une arnaque lors de rencontres en ligne\u00a0?<\/a>\n            <\/div>\n    <div class=\"element element_2  excerpt \">\n        Les rencontres en ligne offrent de nombreuses possibilit\u00e9s de rencontrer des gens et de trouver l'amour. Cependant, toutes les relations            <\/div>\n            <a class=\"element element_3  read_more \"\n            target=\"\"\n            href=\"https:\/\/allaboutdatingscams.com\/fr\/comment-savoir-si-vous-etes-victime-dune-arnaque-lors-de-rencontres-en-ligne\/\"><\/a>\n      <\/div>\n    <\/div>\n  <\/div><div class=\"item item-25112 skin flat odd 3 \">\n        <div class=\"layer-wrapper layout-\">\n        <div class=\"layer-media\"><\/div>\n  <div class=\"layer-content\">\n        <div\n        class=\"element element_0  element-media \">\n        <a target=\"_self\" href=\"https:\/\/allaboutdatingscams.com\/fr\/protegez-vous-contre-la-fraude-matrimoniale\/\"><img loading=\"lazy\" decoding=\"async\" width=\"1024\" height=\"683\" src=\"https:\/\/allaboutdatingscams.com\/wp-content\/uploads\/2025\/02\/pexels-mlkbnl-28949852-1024x683.jpg\" class=\"attachment-large size-large wp-post-image\" alt=\"sham marriages\" srcset=\"https:\/\/allaboutdatingscams.com\/wp-content\/uploads\/2025\/02\/pexels-mlkbnl-28949852-1024x683.jpg 1024w, https:\/\/allaboutdatingscams.com\/wp-content\/uploads\/2025\/02\/pexels-mlkbnl-28949852-300x200.jpg 300w, https:\/\/allaboutdatingscams.com\/wp-content\/uploads\/2025\/02\/pexels-mlkbnl-28949852-768x512.jpg 768w, https:\/\/allaboutdatingscams.com\/wp-content\/uploads\/2025\/02\/pexels-mlkbnl-28949852-1536x1024.jpg 1536w, https:\/\/allaboutdatingscams.com\/wp-content\/uploads\/2025\/02\/pexels-mlkbnl-28949852.jpg 1920w\" sizes=\"auto, (max-width: 1024px) 100vw, 1024px\" \/><\/a>    <\/div>\n    <div class=\"element element_1  title_link \">\n                    <a target=\"\"\n                href=\"https:\/\/allaboutdatingscams.com\/fr\/protegez-vous-contre-la-fraude-matrimoniale\/\">Prot\u00e9gez-vous Contre La Fraude Matrimoniale<\/a>\n            <\/div>\n    <div class=\"element element_2  excerpt \">\n        L\u2019amour, la confiance et l\u2019engagement sont cens\u00e9s \u00eatre les piliers du mariage. Malheureusement, certaines personnes ne s\u2019engagent pas dans le            <\/div>\n            <a class=\"element element_3  read_more \"\n            target=\"\"\n            href=\"https:\/\/allaboutdatingscams.com\/fr\/protegez-vous-contre-la-fraude-matrimoniale\/\"><\/a>\n      <\/div>\n    <\/div>\n  <\/div><div class=\"item item-25071 skin flat even 4 \">\n        <div class=\"layer-wrapper layout-\">\n        <div class=\"layer-media\"><\/div>\n  <div class=\"layer-content\">\n        <div\n        class=\"element element_0  element-media \">\n        <a target=\"_self\" href=\"https:\/\/allaboutdatingscams.com\/fr\/comment-parler-a-un-membre-de-la-famille-dune-arnaque-aux-rencontres\/\"><img loading=\"lazy\" decoding=\"async\" width=\"427\" height=\"640\" src=\"https:\/\/allaboutdatingscams.com\/wp-content\/uploads\/2025\/02\/How-to-Talk-to-a-Family-Member-About-a-Dating-Scam.jpg\" class=\"attachment-large size-large wp-post-image\" alt=\"\" srcset=\"https:\/\/allaboutdatingscams.com\/wp-content\/uploads\/2025\/02\/How-to-Talk-to-a-Family-Member-About-a-Dating-Scam.jpg 427w, https:\/\/allaboutdatingscams.com\/wp-content\/uploads\/2025\/02\/How-to-Talk-to-a-Family-Member-About-a-Dating-Scam-200x300.jpg 200w\" sizes=\"auto, (max-width: 427px) 100vw, 427px\" \/><\/a>    <\/div>\n    <div class=\"element element_1  title_link \">\n                    <a target=\"\"\n                href=\"https:\/\/allaboutdatingscams.com\/fr\/comment-parler-a-un-membre-de-la-famille-dune-arnaque-aux-rencontres\/\">Comment parler \u00e0 un membre de la famille d\u2019une arnaque aux rencontres ?<\/a>\n            <\/div>\n    <div class=\"element element_2  excerpt \">\n        Les gens utilisent d\u00e9sormais fr\u00e9quemment les sites de rencontre en ligne pour rencontrer des partenaires potentiels, mais cette tendance s'est            <\/div>\n            <a class=\"element element_3  read_more \"\n            target=\"\"\n            href=\"https:\/\/allaboutdatingscams.com\/fr\/comment-parler-a-un-membre-de-la-famille-dune-arnaque-aux-rencontres\/\"><\/a>\n      <\/div>\n    <\/div>\n  <\/div><div class=\"item item-24949 skin flat odd 5 \">\n        <div class=\"layer-wrapper layout-\">\n        <div class=\"layer-media\"><\/div>\n  <div class=\"layer-content\">\n        <div\n        class=\"element element_0  element-media \">\n        <a target=\"_self\" href=\"https:\/\/allaboutdatingscams.com\/fr\/reconnaitre-les-signaux-dalarme-dans-les-relations-amoureuses-en-ligne-un-guide-pour-des-connexions-sures\/\"><img loading=\"lazy\" decoding=\"async\" width=\"640\" height=\"427\" src=\"https:\/\/allaboutdatingscams.com\/wp-content\/uploads\/2025\/01\/Recognizing-Red-Flags-in-Online-Romance-1.jpg\" class=\"attachment-large size-large wp-post-image\" alt=\"online, connection, laptop\" srcset=\"https:\/\/allaboutdatingscams.com\/wp-content\/uploads\/2025\/01\/Recognizing-Red-Flags-in-Online-Romance-1.jpg 640w, https:\/\/allaboutdatingscams.com\/wp-content\/uploads\/2025\/01\/Recognizing-Red-Flags-in-Online-Romance-1-300x200.jpg 300w\" sizes=\"auto, (max-width: 640px) 100vw, 640px\" \/><\/a>    <\/div>\n    <div class=\"element element_1  title_link \">\n                    <a target=\"\"\n                href=\"https:\/\/allaboutdatingscams.com\/fr\/reconnaitre-les-signaux-dalarme-dans-les-relations-amoureuses-en-ligne-un-guide-pour-des-connexions-sures\/\">Reconna\u00eetre les signaux d\u2019alarme dans les relations amoureuses en ligne : un guide pour des connexions s\u00fbres<\/a>\n            <\/div>\n    <div class=\"element element_2  excerpt \">\n        L\u2019\u00e8re num\u00e9rique a r\u00e9ussi \u00e0 changer la fa\u00e7on dont les relations amoureuses se font aujourd\u2019hui, et les rencontres en ligne            <\/div>\n            <a class=\"element element_3  read_more \"\n            target=\"\"\n            href=\"https:\/\/allaboutdatingscams.com\/fr\/reconnaitre-les-signaux-dalarme-dans-les-relations-amoureuses-en-ligne-un-guide-pour-des-connexions-sures\/\"><\/a>\n      <\/div>\n    <\/div>\n  <\/div><div class=\"item item-24875 skin flat even 6 \">\n        <div class=\"layer-wrapper layout-\">\n        <div class=\"layer-media\"><\/div>\n  <div class=\"layer-content\">\n        <div\n        class=\"element element_0  element-media \">\n        <a target=\"_self\" href=\"https:\/\/allaboutdatingscams.com\/fr\/comment-lia-revolutionne-la-fraude-sur-internet-et-les-escroqueries-amoureuses\/\"><img loading=\"lazy\" decoding=\"async\" width=\"1024\" height=\"683\" src=\"https:\/\/allaboutdatingscams.com\/wp-content\/uploads\/2024\/12\/pexels-thisisengineering-3861969-1024x683.jpg\" class=\"attachment-large size-large wp-post-image\" alt=\"ai dating scams\" srcset=\"https:\/\/allaboutdatingscams.com\/wp-content\/uploads\/2024\/12\/pexels-thisisengineering-3861969-1024x683.jpg 1024w, https:\/\/allaboutdatingscams.com\/wp-content\/uploads\/2024\/12\/pexels-thisisengineering-3861969-300x200.jpg 300w, https:\/\/allaboutdatingscams.com\/wp-content\/uploads\/2024\/12\/pexels-thisisengineering-3861969-768x512.jpg 768w, https:\/\/allaboutdatingscams.com\/wp-content\/uploads\/2024\/12\/pexels-thisisengineering-3861969-1536x1025.jpg 1536w, https:\/\/allaboutdatingscams.com\/wp-content\/uploads\/2024\/12\/pexels-thisisengineering-3861969.jpg 1920w\" sizes=\"auto, (max-width: 1024px) 100vw, 1024px\" \/><\/a>    <\/div>\n    <div class=\"element element_1  title_link \">\n                    <a target=\"\"\n                href=\"https:\/\/allaboutdatingscams.com\/fr\/comment-lia-revolutionne-la-fraude-sur-internet-et-les-escroqueries-amoureuses\/\">Comment l&rsquo;IA r\u00e9volutionne la fraude sur Internet et les escroqueries amoureuses<\/a>\n            <\/div>\n    <div class=\"element element_2  excerpt \">\n        L'un des besoins les plus fondamentaux de toute personne est une relation amoureuse forte avec un autre individu. Cependant, dans            <\/div>\n            <a class=\"element element_3  read_more \"\n            target=\"\"\n            href=\"https:\/\/allaboutdatingscams.com\/fr\/comment-lia-revolutionne-la-fraude-sur-internet-et-les-escroqueries-amoureuses\/\"><\/a>\n      <\/div>\n    <\/div>\n  <\/div><div class=\"item item-24843 skin flat odd 7 \">\n        <div class=\"layer-wrapper layout-\">\n        <div class=\"layer-media\"><\/div>\n  <div class=\"layer-content\">\n        <div\n        class=\"element element_0  element-media \">\n        <a target=\"_self\" href=\"https:\/\/allaboutdatingscams.com\/fr\/protegez-vous-des-arnaques-sur-facebook-dating-et-whatsapp\/\"><img loading=\"lazy\" decoding=\"async\" width=\"640\" height=\"417\" src=\"https:\/\/allaboutdatingscams.com\/wp-content\/uploads\/2024\/12\/Protecting-Yourself-from-Facebook-Dating-and-WhatsApp-Scams-4.jpg\" class=\"attachment-large size-large wp-post-image\" alt=\"whatsapp, iphone, homescreen\" srcset=\"https:\/\/allaboutdatingscams.com\/wp-content\/uploads\/2024\/12\/Protecting-Yourself-from-Facebook-Dating-and-WhatsApp-Scams-4.jpg 640w, https:\/\/allaboutdatingscams.com\/wp-content\/uploads\/2024\/12\/Protecting-Yourself-from-Facebook-Dating-and-WhatsApp-Scams-4-300x195.jpg 300w\" sizes=\"auto, (max-width: 640px) 100vw, 640px\" \/><\/a>    <\/div>\n    <div class=\"element element_1  title_link \">\n                    <a target=\"\"\n                href=\"https:\/\/allaboutdatingscams.com\/fr\/protegez-vous-des-arnaques-sur-facebook-dating-et-whatsapp\/\">Prot\u00e9gez-vous des arnaques sur Facebook Dating et WhatsApp<\/a>\n            <\/div>\n    <div class=\"element element_2  excerpt \">\n        Comment \u00e9viter les pi\u00e8ges des arnaques amoureuses sur Facebook Les rencontres en ligne ont facilit\u00e9 plus que jamais les rencontres.            <\/div>\n            <a class=\"element element_3  read_more \"\n            target=\"\"\n            href=\"https:\/\/allaboutdatingscams.com\/fr\/protegez-vous-des-arnaques-sur-facebook-dating-et-whatsapp\/\"><\/a>\n      <\/div>\n    <\/div>\n  <\/div><div class=\"item item-24731 skin flat even 8 \">\n        <div class=\"layer-wrapper layout-\">\n        <div class=\"layer-media\"><\/div>\n  <div class=\"layer-content\">\n        <div\n        class=\"element element_0  element-media \">\n        <a target=\"_self\" href=\"https:\/\/allaboutdatingscams.com\/fr\/protegez-vous-des-arnaques-liees-aux-rencontres-sur-instagram\/\"><img loading=\"lazy\" decoding=\"async\" width=\"640\" height=\"640\" src=\"https:\/\/allaboutdatingscams.com\/wp-content\/uploads\/2024\/11\/Protecting-Yourself-from-Instagram-Dating-Scams.jpg\" class=\"attachment-large size-large wp-post-image\" alt=\"instagram, instagram logo, instagram icon\" srcset=\"https:\/\/allaboutdatingscams.com\/wp-content\/uploads\/2024\/11\/Protecting-Yourself-from-Instagram-Dating-Scams.jpg 640w, https:\/\/allaboutdatingscams.com\/wp-content\/uploads\/2024\/11\/Protecting-Yourself-from-Instagram-Dating-Scams-300x300.jpg 300w, https:\/\/allaboutdatingscams.com\/wp-content\/uploads\/2024\/11\/Protecting-Yourself-from-Instagram-Dating-Scams-150x150.jpg 150w, https:\/\/allaboutdatingscams.com\/wp-content\/uploads\/2024\/11\/Protecting-Yourself-from-Instagram-Dating-Scams-120x120.jpg 120w\" sizes=\"auto, (max-width: 640px) 100vw, 640px\" \/><\/a>    <\/div>\n    <div class=\"element element_1  title_link \">\n                    <a target=\"\"\n                href=\"https:\/\/allaboutdatingscams.com\/fr\/protegez-vous-des-arnaques-liees-aux-rencontres-sur-instagram\/\">Prot\u00e9gez-vous des arnaques li\u00e9es aux rencontres sur Instagram<\/a>\n            <\/div>\n    <div class=\"element element_2  excerpt \">\n        Comprendre les arnaques li\u00e9es aux rencontres amoureuses Cette section pr\u00e9sente le contexte de la lutte contre les arnaques aux rencontres            <\/div>\n            <a class=\"element element_3  read_more \"\n            target=\"\"\n            href=\"https:\/\/allaboutdatingscams.com\/fr\/protegez-vous-des-arnaques-liees-aux-rencontres-sur-instagram\/\"><\/a>\n      <\/div>\n    <\/div>\n  <\/div><div class=\"item item-24684 skin flat odd 9 \">\n        <div class=\"layer-wrapper layout-\">\n        <div class=\"layer-media\"><\/div>\n  <div class=\"layer-content\">\n        <div\n        class=\"element element_0  element-media \">\n        <a target=\"_self\" href=\"https:\/\/allaboutdatingscams.com\/fr\/arnaques-aux-crypto-monnaies-romantiques-ce-quelles-sont-et-comment-les-eviter\/\"><img loading=\"lazy\" decoding=\"async\" width=\"1024\" height=\"1024\" src=\"https:\/\/allaboutdatingscams.com\/wp-content\/uploads\/2024\/11\/Crypto-Romance-Scams.jpg\" class=\"attachment-large size-large wp-post-image\" alt=\"romance scam\" srcset=\"https:\/\/allaboutdatingscams.com\/wp-content\/uploads\/2024\/11\/Crypto-Romance-Scams.jpg 1024w, https:\/\/allaboutdatingscams.com\/wp-content\/uploads\/2024\/11\/Crypto-Romance-Scams-300x300.jpg 300w, https:\/\/allaboutdatingscams.com\/wp-content\/uploads\/2024\/11\/Crypto-Romance-Scams-150x150.jpg 150w, https:\/\/allaboutdatingscams.com\/wp-content\/uploads\/2024\/11\/Crypto-Romance-Scams-768x768.jpg 768w, https:\/\/allaboutdatingscams.com\/wp-content\/uploads\/2024\/11\/Crypto-Romance-Scams-120x120.jpg 120w\" sizes=\"auto, (max-width: 1024px) 100vw, 1024px\" \/><\/a>    <\/div>\n    <div class=\"element element_1  title_link \">\n                    <a target=\"\"\n                href=\"https:\/\/allaboutdatingscams.com\/fr\/arnaques-aux-crypto-monnaies-romantiques-ce-quelles-sont-et-comment-les-eviter\/\">Arnaques aux crypto-monnaies romantiques : ce qu&rsquo;elles sont et comment les \u00e9viter<\/a>\n            <\/div>\n    <div class=\"element element_2  excerpt \">\n        Dans le monde num\u00e9rique d'aujourd'hui, notre qu\u00eate de romance nous conduit g\u00e9n\u00e9ralement sur des sites de rencontres en ligne, des            <\/div>\n            <a class=\"element element_3  read_more \"\n            target=\"\"\n            href=\"https:\/\/allaboutdatingscams.com\/fr\/arnaques-aux-crypto-monnaies-romantiques-ce-quelles-sont-et-comment-les-eviter\/\"><\/a>\n      <\/div>\n    <\/div>\n  <\/div>    <\/div>\n    <div class=\"pagination\">\n      <div class=\"paginate\">\n    <span aria-current=\"page\" class=\"page-numbers current\">1<\/span>\n<a class=\"page-numbers\" href=\"https:\/\/allaboutdatingscams.com\/fr\/wp-json\/wp\/v2\/pages\/324\/page\/2\/\">2<\/a>\n<a class=\"page-numbers\" href=\"https:\/\/allaboutdatingscams.com\/fr\/wp-json\/wp\/v2\/pages\/324\/page\/3\/\">3<\/a>\n<span class=\"page-numbers dots\">\u2026<\/span>\n<a class=\"page-numbers\" href=\"https:\/\/allaboutdatingscams.com\/fr\/wp-json\/wp\/v2\/pages\/324\/page\/9\/\">9<\/a>\n<a class=\"next page-numbers\" href=\"https:\/\/allaboutdatingscams.com\/fr\/wp-json\/wp\/v2\/pages\/324\/page\/2\/\">Next \u00bb<\/a>  <\/div>\n  <style type=\"text\/css\">\n    #post-grid-1219 .pagination .page-numbers {\n      font-size: 16px;\n      color: #fff;\n      background: #646464;\n    }\n\n    #post-grid-1219 .pagination .page-numbers:hover,\n    #post-grid-1219 .pagination .page-numbers.current {\n      background: #4b4b4b;\n    }\n  <\/style>\n  <\/div>\n      <script>\n          <\/script>\n    <style type=\"text\/css\">\n    #post-grid-1219 .element_0 {\n      display: block;font-size: 21px;line-height: normal;padding: 5px 10px;text-align: left; text-decoration: none;    }\n\n    #post-grid-1219 .element_1 {\n      display: block;font-size: 21px;line-height: normal;padding: 5px 10px;text-align: left; text-decoration: none;    }\n\n    #post-grid-1219 .element_2 {\n      display: block;font-size: 14px;padding: 5px 10px;text-align: left;    }\n\n    #post-grid-1219 .element_3 {\n      display: block;font-size: 12px;font-weight: bold;padding: 0 10px;text-align: left;text-decoration: none;    }\n\n    #post-grid-1219 .element_0:hover{}#post-grid-1219 .element_1:hover{}#post-grid-1219 .element_2:hover{}#post-grid-1219 .element_3:hover{}  <\/style>\n  <style type=\"text\/css\">\n    #post-grid-1219 {\n      padding: 10px;\n          }\n\n    #post-grid-1219 .item {\n      padding: 0px;\n      background: #fff;\n          }\n\n    #post-grid-1219 .item .layer-media {\n      height:auto;    }\n\n    @media only screen and (min-width: 0px) and (max-width: 767px) {\n      #post-grid-1219 .grid-items {\n        display: grid;\n        grid-template-columns: 1fr ;\n        column-gap: 10px;\n        row-gap: 10px;\n              }\n\n      #post-grid-1219 .item {\n        height:auto;      }\n    }\n\n    @media only screen and (min-width: 768px) and (max-width: 1023px) {\n      #post-grid-1219 .grid-items {\n        display: grid;\n        grid-template-columns: 1fr 1fr ;\n        column-gap: 10px;\n        row-gap: 10px;\n              }\n\n      #post-grid-1219 .item {\n        max-height:auto;      }\n    }\n\n    @media only screen and (min-width: 1024px) {\n      #post-grid-1219 .grid-items {\n        display: grid;\n        grid-template-columns: 1fr 1fr 1fr ;\n        column-gap: 10px;\n        row-gap: 10px;\n              }\n\n      #post-grid-1219 .item {\n        height:auto;      }\n    }\n\n      <\/style>\n  <\/div>\n\n","protected":false},"excerpt":{"rendered":"","protected":false},"author":2,"featured_media":0,"parent":0,"menu_order":0,"comment_status":"closed","ping_status":"closed","template":"template-with_leftsidebar.php","meta":{"_glsr_average":0,"_glsr_ranking":0,"_glsr_reviews":0,"footnotes":"","_links_to":"","_links_to_target":""},"class_list":["post-324","page","type-page","status-publish","hentry"],"_links":{"self":[{"href":"https:\/\/allaboutdatingscams.com\/fr\/wp-json\/wp\/v2\/pages\/324","targetHints":{"allow":["GET"]}}],"collection":[{"href":"https:\/\/allaboutdatingscams.com\/fr\/wp-json\/wp\/v2\/pages"}],"about":[{"href":"https:\/\/allaboutdatingscams.com\/fr\/wp-json\/wp\/v2\/types\/page"}],"author":[{"embeddable":true,"href":"https:\/\/allaboutdatingscams.com\/fr\/wp-json\/wp\/v2\/users\/2"}],"replies":[{"embeddable":true,"href":"https:\/\/allaboutdatingscams.com\/fr\/wp-json\/wp\/v2\/comments?post=324"}],"version-history":[{"count":3,"href":"https:\/\/allaboutdatingscams.com\/fr\/wp-json\/wp\/v2\/pages\/324\/revisions"}],"predecessor-version":[{"id":1221,"href":"https:\/\/allaboutdatingscams.com\/fr\/wp-json\/wp\/v2\/pages\/324\/revisions\/1221"}],"wp:attachment":[{"href":"https:\/\/allaboutdatingscams.com\/fr\/wp-json\/wp\/v2\/media?parent=324"}],"curies":[{"name":"wp","href":"https:\/\/api.w.org\/{rel}","templated":true}]}}