{"id":4834,"date":"2022-10-01T00:49:52","date_gmt":"2022-10-01T00:49:52","guid":{"rendered":"https:\/\/allaboutdatingscams.com\/?page_id=4834\/"},"modified":"2022-10-12T15:37:09","modified_gmt":"2022-10-12T15:37:09","slug":"avis","status":"publish","type":"page","link":"https:\/\/allaboutdatingscams.com\/fr\/avis\/","title":{"rendered":"Avis"},"content":{"rendered":"<div class=\"glsr glsr-default\" id=\"glsr_c419d15c\" data-from=\"shortcode\" data-shortcode=\"site_reviews\"><div class=\"glsr-reviews-wrap\">\n    <div class=\"glsr-reviews\">\n        <div class=\"glsr-review\" data-type=\"local\" id=\"review-8416\" data-assigned='[]'>\n    <div class=\"glsr-review-title\"><h4 class=\"glsr-tag-value\">Conseils tr\u00e8s utiles<\/h4><\/div>\n    <div class=\"glsr-review-rating\"><div class=\"glsr-star-rating glsr-stars\" role=\"img\" aria-label=\"Rated 5 out of 5 stars\" data-rating=\"5\" data-reviews=\"0\"><span class=\"glsr-star glsr-star-full\" aria-hidden=\"true\"><\/span><span class=\"glsr-star glsr-star-full\" aria-hidden=\"true\"><\/span><span class=\"glsr-star glsr-star-full\" aria-hidden=\"true\"><\/span><span class=\"glsr-star glsr-star-full\" aria-hidden=\"true\"><\/span><span class=\"glsr-star glsr-star-full\" aria-hidden=\"true\"><\/span><\/div><\/div> <div class=\"glsr-review-date\"><span class=\"glsr-tag-value\">mai 26, 2023<\/span><\/div>\n    \n    <div class=\"glsr-review-content\"><div class=\"glsr-tag-value\" data-expanded=\"false\"><p class=\"glsr-hidden-text\" data-show-less=\"Afficher moins\" data-show-more=\"Afficher plus\" data-trigger=\"expand\">J&#8217;ai \u00e9chang\u00e9 des courriels avec une femme d&#8217;origine russe que j&#8217;ai rencontr\u00e9e en ligne. Afin de v\u00e9rifier son identit\u00e9, j&#8217;ai soumis une photo. Dimitri m&#8217;a beaucoup aid\u00e9 en r\u00e9pondant \u00e0 mes questions et en effectuant des recherches sur cette femme. M\u00eame s&#8217;il s<span class=\"glsr-hidden\">&#8217;agit d&#8217;un service gratuit, il fait preuve d&#8217;une grande diligence pour vous aider \u00e0 d\u00e9terminer si la personne avec laquelle vous \u00eates en contact est l\u00e9gitime.<\/span><\/p><\/div><\/div>\n     <div class=\"glsr-review-author\"><span class=\"glsr-tag-value\">Jerry Horn<\/span><\/div> \n    \n<\/div>\n<div class=\"glsr-review\" data-type=\"local\" id=\"review-8413\" data-assigned='[]'>\n    <div class=\"glsr-review-title\"><h4 class=\"glsr-tag-value\">Ce site m'a \u00e9vit\u00e9 de me faire arnaquer<\/h4><\/div>\n    <div class=\"glsr-review-rating\"><div class=\"glsr-star-rating glsr-stars\" role=\"img\" aria-label=\"Rated 5 out of 5 stars\" data-rating=\"5\" data-reviews=\"0\"><span class=\"glsr-star glsr-star-full\" aria-hidden=\"true\"><\/span><span class=\"glsr-star glsr-star-full\" aria-hidden=\"true\"><\/span><span class=\"glsr-star glsr-star-full\" aria-hidden=\"true\"><\/span><span class=\"glsr-star glsr-star-full\" aria-hidden=\"true\"><\/span><span class=\"glsr-star glsr-star-full\" aria-hidden=\"true\"><\/span><\/div><\/div> <div class=\"glsr-review-date\"><span class=\"glsr-tag-value\">avril 29, 2023<\/span><\/div>\n    \n    <div class=\"glsr-review-content\"><div class=\"glsr-tag-value\" data-expanded=\"false\"><p>Ce site m&#8217;a \u00e9vit\u00e9 de me faire arnaquer par 2 personnes. Grace au d\u00e9vouement de Dimitri et de son \u00e9quippe, le visage de plusieurs fraudeurs, ont \u00e9t\u00e9 mis en lumi\u00e8re pour \u00e9viter \u00e0 d&#8217;honn\u00eates gens de perdre de l&#8217;argent inutilement. Merci \u00e0 Dimitri.<\/p><\/div><\/div>\n     <div class=\"glsr-review-author\"><span class=\"glsr-tag-value\">Carl<\/span><\/div> \n    \n<\/div>\n<div class=\"glsr-review\" data-type=\"local\" id=\"review-8418\" data-assigned='[]'>\n    <div class=\"glsr-review-title\"><h4 class=\"glsr-tag-value\">Dimitri est un homme formidable<\/h4><\/div>\n    <div class=\"glsr-review-rating\"><div class=\"glsr-star-rating glsr-stars\" role=\"img\" aria-label=\"Rated 5 out of 5 stars\" data-rating=\"5\" data-reviews=\"0\"><span class=\"glsr-star glsr-star-full\" aria-hidden=\"true\"><\/span><span class=\"glsr-star glsr-star-full\" aria-hidden=\"true\"><\/span><span class=\"glsr-star glsr-star-full\" aria-hidden=\"true\"><\/span><span class=\"glsr-star glsr-star-full\" aria-hidden=\"true\"><\/span><span class=\"glsr-star glsr-star-full\" aria-hidden=\"true\"><\/span><\/div><\/div> <div class=\"glsr-review-date\"><span class=\"glsr-tag-value\">avril 2, 2023<\/span><\/div>\n    \n    <div class=\"glsr-review-content\"><div class=\"glsr-tag-value\" data-expanded=\"false\"><p class=\"glsr-hidden-text\" data-show-less=\"Afficher moins\" data-show-more=\"Afficher plus\" data-trigger=\"expand\">Dimitri est un homme formidable qui n&#8217;a pas perdu de temps pour me r\u00e9pondre le plus rapidement possible. Il avait tous les d\u00e9tails sur l&#8217;escroc et sur la fa\u00e7on dont l&#8217;escroquerie \u00e9tait organis\u00e9e. Heureusement, j&#8217;ai vu les signaux d&#8217;alarme et je l&#8217;ai contact\u00e9<span class=\"glsr-hidden\"> avant de perdre de l&#8217;argent. L&#8217;important, c&#8217;est que nous l&#8217;avons d\u00e9masqu\u00e9e et que personne d&#8217;autre ne tombera dans son escroquerie.<\/span><\/p><\/div><\/div>\n     <div class=\"glsr-review-author\"><span class=\"glsr-tag-value\">Wizardofozz<\/span><\/div> \n    \n<\/div>\n<div class=\"glsr-review\" data-type=\"local\" id=\"review-8420\" data-assigned='[]'>\n    <div class=\"glsr-review-title\"><h4 class=\"glsr-tag-value\">Excellent site et service<\/h4><\/div>\n    <div class=\"glsr-review-rating\"><div class=\"glsr-star-rating glsr-stars\" role=\"img\" aria-label=\"Rated 5 out of 5 stars\" data-rating=\"5\" data-reviews=\"0\"><span class=\"glsr-star glsr-star-full\" aria-hidden=\"true\"><\/span><span class=\"glsr-star glsr-star-full\" aria-hidden=\"true\"><\/span><span class=\"glsr-star glsr-star-full\" aria-hidden=\"true\"><\/span><span class=\"glsr-star glsr-star-full\" aria-hidden=\"true\"><\/span><span class=\"glsr-star glsr-star-full\" aria-hidden=\"true\"><\/span><\/div><\/div> <div class=\"glsr-review-date\"><span class=\"glsr-tag-value\">avril 1, 2023<\/span><\/div>\n    \n    <div class=\"glsr-review-content\"><div class=\"glsr-tag-value\" data-expanded=\"false\"><p class=\"glsr-hidden-text\" data-show-less=\"Afficher moins\" data-show-more=\"Afficher plus\" data-trigger=\"expand\">Excellent site et service. J&#8217;\u00e9tais litt\u00e9ralement sur le point de me faire arnaquer jusqu&#8217;\u00e0 ce qu&#8217;un r\u00e9sultat de recherche de la femme en question m&#8217;am\u00e8ne directement sur ce site qui, soit dit en passant, \u00e9tait le seul et unique r\u00e9sultat de ma recherche. L&#8217;\u00e9quipe administrative<span class=\"glsr-hidden\"> m&#8217;a apport\u00e9 une aide et une r\u00e9ponse formidables. Tous les h\u00e9ros ne portent pas de capes. Merci les gars !<\/span><\/p><\/div><\/div>\n     <div class=\"glsr-review-author\"><span class=\"glsr-tag-value\">Kevin Mc<\/span><\/div> \n    \n<\/div>\n    <\/div>\n    \n<\/div><\/div>\n","protected":false},"excerpt":{"rendered":"","protected":false},"author":2,"featured_media":0,"parent":0,"menu_order":0,"comment_status":"closed","ping_status":"closed","template":"template-with_leftsidebar.php","meta":{"_glsr_average":0,"_glsr_ranking":0,"_glsr_reviews":0,"footnotes":"","_links_to":"","_links_to_target":""},"class_list":["post-4834","page","type-page","status-publish","hentry"],"_links":{"self":[{"href":"https:\/\/allaboutdatingscams.com\/fr\/wp-json\/wp\/v2\/pages\/4834","targetHints":{"allow":["GET"]}}],"collection":[{"href":"https:\/\/allaboutdatingscams.com\/fr\/wp-json\/wp\/v2\/pages"}],"about":[{"href":"https:\/\/allaboutdatingscams.com\/fr\/wp-json\/wp\/v2\/types\/page"}],"author":[{"embeddable":true,"href":"https:\/\/allaboutdatingscams.com\/fr\/wp-json\/wp\/v2\/users\/2"}],"replies":[{"embeddable":true,"href":"https:\/\/allaboutdatingscams.com\/fr\/wp-json\/wp\/v2\/comments?post=4834"}],"version-history":[{"count":2,"href":"https:\/\/allaboutdatingscams.com\/fr\/wp-json\/wp\/v2\/pages\/4834\/revisions"}],"predecessor-version":[{"id":4841,"href":"https:\/\/allaboutdatingscams.com\/fr\/wp-json\/wp\/v2\/pages\/4834\/revisions\/4841"}],"wp:attachment":[{"href":"https:\/\/allaboutdatingscams.com\/fr\/wp-json\/wp\/v2\/media?parent=4834"}],"curies":[{"name":"wp","href":"https:\/\/api.w.org\/{rel}","templated":true}]}}