{"id":498,"date":"2022-01-11T14:41:15","date_gmt":"2022-01-11T14:41:15","guid":{"rendered":"https:\/\/allaboutdatingscams.com\/?page_id=498\/"},"modified":"2022-10-12T15:37:35","modified_gmt":"2022-10-12T15:37:35","slug":"tout-sur-les-femmes-russes","status":"publish","type":"page","link":"https:\/\/allaboutdatingscams.com\/fr\/tout-sur-les-femmes-russes\/","title":{"rendered":"Tout sur les femmes russes"},"content":{"rendered":"<p>Comment rencontrer une femme r\u00e9elle, une fille de l&rsquo;est, Russe ou Ukrainienne, dans l&rsquo;optique d&rsquo;un mariage<\/p>\n<p>Le savoir est la meilleure arme. Des petits vid\u00e9os gratuits que nous avons cr\u00e9\u00e9 pour vous apprennent comment chercher, rencontrer et s\u00e9duire \u00a0de belles femmes russes et ukrainiennes sans payer cher et sans risque de tomber sur un escroc.<\/p>\n<h2>Vid\u00e9o 1:\u00a0<strong>Diff\u00e9rence d\u2019\u00e2ge id\u00e9ale entre un homme fran\u00e7ais et une femme russe ou ukrainienne.<\/strong><\/h2>\n<p>Quelle est la diff\u00e9rence d&rsquo;\u00e2ge maximale et moyenne pour des couples internationaux : \u00e2ge des hommes occidentaux et femmes russes et ukrainiennes.<\/p>\n<p><object class=\"video-filter video-youtube vf-iotkdj2fnpu\" data=\"https:\/\/www.youtube.com\/v\/IOTKdj2FnpU?rel=0&amp;autoplay=0&amp;fs=1\" type=\"application\/x-shockwave-flash\" width=\"400\" height=\"250\"><\/object><\/p>\n<h3>Vid\u00e9o 3:\u00a0<strong>\u00a0Inviter une belle fille des pays de l&rsquo;Est chez vous.<\/strong><\/h3>\n<p>Quelles sont les d\u00e9marches pour faire venir une femme russe ou ukrainienne chez vous en france ou autres pays .<\/p>\n<p><object class=\"video-filter video-youtube vf-ikcbskkzqcq\" data=\"https:\/\/www.youtube.com\/v\/iKcBSKkzQCQ?rel=0&amp;autoplay=0&amp;fs=1\" type=\"application\/x-shockwave-flash\" width=\"400\" height=\"250\"><\/object><\/p>\n<h3>Vid\u00e9o 5:\u00a0<strong>Un escroc ou une belle femme russes \u00e0 marier? Comment identifier une arnaque.\u00a0<\/strong><\/h3>\n<p>Si votre correspondance correspond \u00e0 ses crit\u00e8res, une v\u00e9rification officielle de l\u2019identit\u00e9 de la femme est n\u00e9cessaire.<\/p>\n<p><object class=\"video-filter video-youtube vf-icakytdove\" data=\"https:\/\/www.youtube.com\/v\/icAKYtdov_E?rel=0&amp;autoplay=0&amp;fs=1\" type=\"application\/x-shockwave-flash\" width=\"400\" height=\"250\"><\/object><\/p>\n<p>Vid\u00e9o 6:<strong>\u00a0Budget pour \u00e9pouser une belle femme des pays de l\u2019est, d\u00e9tails sur un mariage international.<\/strong><\/p>\n<p>Ne pensez pas que les rencontres gratuites existent, mais ne pensez pas non plus qu\u2019il faut \u00eatre riche pour \u00e9pouser une belle femme russe ou ukrainienne.<\/p>\n<p><object class=\"video-filter video-youtube vf-6ywf6bwkaho\" data=\"https:\/\/www.youtube.com\/v\/6ywF6BWKaho?rel=0&amp;autoplay=0&amp;fs=1\" type=\"application\/x-shockwave-flash\" width=\"400\" height=\"250\"><\/object><\/p>\n<p>&nbsp;<\/p>\n<p>Vid\u00e9o 7:\u00a0<strong>Rencontres avec belles femmes russes et ukrainiennes parlant fran\u00e7ais en France, en Belgique, au Canada, au Qu\u00e9bec.<\/strong><\/p>\n<p>Tous les hommes pr\u00e9f\u00e8rent que la femme russe soit d\u00e9j\u00e0 dans votre pays, qu\u2019elle soit belle, qu\u2019elle soit jeune, qu\u2019elle parle fran\u00e7ais. Aurez-vous des chances \u00e0 s\u00e9duire \u00a0une telle femme?<\/p>\n<p><object class=\"video-filter video-youtube vf-5ibkgssnns\" data=\"https:\/\/www.youtube.com\/v\/5iBKgs_sNNs?rel=0&amp;autoplay=0&amp;fs=1\" type=\"application\/x-shockwave-flash\" width=\"400\" height=\"250\"><\/object><\/p>\n<p>&nbsp;<\/p>\n<p>Vid\u00e9o 9:\u00a0<strong>Comment s\u00e9duire une belle femme russe ou ukrainienne: coaching en s\u00e9duction.<\/strong><\/p>\n<p>Rencontrer une belle femme russe et juste la moiti\u00e9 du d\u00e9fi: comment s\u00e9duire une femme de Russie ou Ukraine, comment devancer les \u0441omp\u00e9titeurs.<\/p>\n<p><object class=\"video-filter video-youtube vf-rkx2qj3fm\" data=\"https:\/\/www.youtube.com\/v\/Rk-x_2QJ3FM?rel=0&amp;autoplay=0&amp;fs=1\" type=\"application\/x-shockwave-flash\" width=\"400\" height=\"250\"><\/object><\/p>\n<p>Vid\u00e9o 11:\u00a0<strong>Avoir les contacts directs (e-mail, skype, t\u00e9l\u00e9phone) de belles femmes russes et ukrainiennes.<\/strong><\/p>\n<p>Tous les hommes veulent avoir des contacts directs des femmes ukrainiennes: \u00a0e-mail, skype, t\u00e9l\u00e9phone mais \u0441omment \u00eatre s\u00fbr que ce n\u2019est pas un escroc?<\/p>\n<p><object class=\"video-filter video-youtube vf-iw5gcqrxfu\" data=\"https:\/\/www.youtube.com\/v\/iw5GC-qRXFU?rel=0&amp;autoplay=0&amp;fs=1\" type=\"application\/x-shockwave-flash\" width=\"400\" height=\"250\"><\/object><\/p>\n<p>Vid\u00e9o 13:\u00a0<strong>Pourquoi les belles femmes russes et ukrainiennes sont int\u00e9ress\u00e9es \u00e0 marier des hommes occidentaux.<\/strong><\/p>\n<p>Quelle est la vraie motivation des femmes russes et ukrainiennes \u00e0 \u00e9pouser les hommes fran\u00e7ais. Quel est le pourcentage des femmes int\u00e9ress\u00e9es \u00e0 rencontrer un homme \u00e9tranger.<\/p>\n<p><object class=\"video-filter video-youtube vf-yknqqusavdq\" data=\"https:\/\/www.youtube.com\/v\/yknqqUSaVdQ?rel=0&amp;autoplay=0&amp;fs=1\" type=\"application\/x-shockwave-flash\" width=\"400\" height=\"250\"><\/object><\/p>\n<p>&nbsp;<\/p>\n<p>Vid\u00e9o 14:\u00a0<strong>Mentalit\u00e9 des femmes ukrainiennes.<\/strong><\/p>\n<p>en quoi les femmes russes et ukrainiennes sont diff\u00e9rentes des femmes fran\u00e7aises ou canadiennes, pourquoi les femmes russes et ukrainiennes ont gard\u00e9 des valeurs traditionnelles de famille.<\/p>\n<p><object class=\"video-filter video-youtube vf-frrhiro3deg\" data=\"https:\/\/www.youtube.com\/v\/frrHIRo3Deg?rel=0&amp;autoplay=0&amp;fs=1\" type=\"application\/x-shockwave-flash\" width=\"400\" height=\"250\"><\/object><\/p>\n<p>Vid\u00e9o 15:\u00a0<strong>Les belles femmes russes ou ukrainiennes, sont-elles des escrocs?\u00a0<\/strong><\/p>\n<p>Pourquoi on voit tellement de profils d\u2019escrocs sur les sites de rencontres et pourquoi on pense souvent que les femmes russes ou ukrainiennes sont souvent des escrocs.<\/p>\n<p><object class=\"video-filter video-youtube vf-awwbkb8zhs8\" data=\"https:\/\/www.youtube.com\/v\/aWWbKB8ZHS8?rel=0&amp;autoplay=0&amp;fs=1\" type=\"application\/x-shockwave-flash\" width=\"400\" height=\"250\"><\/object><\/p>\n<p>Vid\u00e9o 17:\u00a0<strong>Les rencontres avec les belles femmes russes et ukrainiennes.<\/strong><\/p>\n<p>Quelle est l\u2019alternative des \u201crencontres gratuites\u201d qui vous am\u00e8nent dans le pi\u00e8ge des escrocs, comment rencontrer des femmes r\u00e9elles et motiv\u00e9es sans payer cher.<\/p>\n<p><object class=\"video-filter video-youtube vf-3kxrcqmouty\" data=\"https:\/\/www.youtube.com\/v\/3KxrCqMOUtY?rel=0&amp;autoplay=0&amp;fs=1\" type=\"application\/x-shockwave-flash\" width=\"400\" height=\"250\"><\/object><\/p>\n<p>Vid\u00e9o 18:\u00a0<strong>Rencontres agricoles &#8211; femmes russes et ukrainiennes du milieu rural.<\/strong><\/p>\n<p>Ou sont les femmes int\u00e9ress\u00e9es par des hommes du milieu rural en France, Belgique, Canada. En quoi consiste la diff\u00e9rence entre la campagne en Ukraine et en France, Belgique, Canada.<\/p>\n<p><object class=\"video-filter video-youtube vf-hhg1voqraeu\" data=\"https:\/\/www.youtube.com\/v\/hHg1voQrAEU?rel=0&amp;autoplay=0&amp;fs=1\" type=\"application\/x-shockwave-flash\" width=\"400\" height=\"250\"><\/object><\/p>\n<p>&nbsp;<\/p>\n<p>Vid\u00e9o 20:\u00a0<strong>Tourisme m\u00e9dical en Ukraine: services dentaires &#8211; plombage, implant, traitement de couronne, chirurgie maxillo-faciale.<\/strong><\/p>\n<p>Savez-vous quelles est la diff\u00e9rence de prix pour des services dentaires en Ukraine et au Canada pour la meme qualit\u00e9 de travail. La r\u00e9ponse va vous choquer.<\/p>\n<p><object class=\"video-filter video-youtube vf-vthercndvey\" data=\"https:\/\/www.youtube.com\/v\/VThERcNDveY?rel=0&amp;autoplay=0&amp;fs=1\" type=\"application\/x-shockwave-flash\" width=\"400\" height=\"250\"><\/object><\/p>\n<p>Vid\u00e9o 22:\u00a0<strong>Kharkov (Kharkiv): rencontres efficaces et un passe temps agr\u00e9able.\u00a0<\/strong><\/p>\n<p>Pourquoi tant d\u2019hommes choisissent Kharkiv pour faire des rencontres avec belles femmes ukrainiennes, qu\u2019est-ce qui va vous surprendre \u00e0 Kharkiv \u00e0 part des rencontres avec de belles filles russes et ukrainiennes.<\/p>\n<p><object class=\"video-filter video-youtube vf-les9orpp7e\" data=\"https:\/\/www.youtube.com\/v\/_lEs9ORpp7E?rel=0&amp;autoplay=0&amp;fs=1\" type=\"application\/x-shockwave-flash\" width=\"400\" height=\"250\"><\/object><\/p>\n<p>&nbsp;<\/p>\n<p>Vid\u00e9o 24:\u00a0<strong>Sites de rencontres et agences matrimoniales russes: comment choisir le meilleur.<\/strong><\/p>\n<p>Toutes les agences de rencontres font leur publicit\u00e9, mais comment savoir quelle est la r\u00e9alit\u00e9, quelles agences russes et fran\u00e7aises font des arnaques et quelles sites de rencontres vous offrent un service professionnel.<\/p>\n<p><object class=\"video-filter video-youtube vf-j1dzxig3apw\" data=\"https:\/\/www.youtube.com\/v\/j1DzXiG3aPw?rel=0&amp;autoplay=0&amp;fs=1\" type=\"application\/x-shockwave-flash\" width=\"400\" height=\"250\"><\/object><\/p>\n<p>Vid\u00e9o 26:\u00a0<strong>Tout sur les arnaques sentimentales des femmes russes avec le portail\u00a0<\/strong><a href=\"http:\/\/antianaques.org\/\" target=\"_blank\" rel=\"noopener\">antianaques.org<\/a><strong>.<\/strong><\/p>\n<p>Comment utiliser le site\u00a0<a href=\"https:\/\/allaboutdatingscams.com\/\" target=\"_blank\" rel=\"noopener\">allaboutdatingscams.com<\/a>\u00a0pour se prot\u00e9ger contre les arnaques et chercher des profils des femmes russes r\u00e9els et v\u00e9rifi\u00e9s.<strong><br \/>\n<\/strong><\/p>\n<p><object class=\"video-filter video-youtube vf-fwvbra6qnw\" data=\"https:\/\/www.youtube.com\/v\/FWVb_rA6qnw?rel=0&amp;autoplay=0&amp;fs=1\" type=\"application\/x-shockwave-flash\" width=\"400\" height=\"250\"><\/object><\/p>\n<p>Vid\u00e9o 28:\u00a0<strong>Cadeaux et signes d&rsquo;attention pour belles femmes de Russie et Ukraine.<\/strong><\/p>\n<p>Comment tracer la ligne entre la g\u00e9n\u00e9rosit\u00e9 et na\u00efvet\u00e9, quels cadeaux offrir pour montrer son int\u00e9r\u00eat, comment \u00e9viter des profiteuses.<\/p>\n<p><object class=\"video-filter video-youtube vf-uq5ax7h6yjc\" data=\"https:\/\/www.youtube.com\/v\/uq5Ax7h6YJc?rel=0&amp;autoplay=0&amp;fs=1\" type=\"application\/x-shockwave-flash\" width=\"400\" height=\"250\"><\/object><\/p>\n<p>Vid\u00e9o 30:\u00a0<strong>Comment rencontrer une belle jeune femme russe parlant fran\u00e7ais en France, Belgique, Suisse, Canada et Qu\u00e9bec.<\/strong><\/p>\n<p>Evaluez vos chances des rencontrer une belle fille russes ou ukrainienne dans votre pays: France, Belgique, Qu\u00e9bec.<\/p>\n<p><object class=\"video-filter video-youtube vf-2dggww9cbae\" data=\"https:\/\/www.youtube.com\/v\/2DggWw9cbaE?rel=0&amp;autoplay=0&amp;fs=1\" type=\"application\/x-shockwave-flash\" width=\"400\" height=\"250\"><\/object><\/p>\n<p>Vid\u00e9o 32:\u00a0<strong>Marier une femme en Ukraine ou \u00e9pouser une femme en France, comparons le budget.<\/strong><\/p>\n<p>Certains hommes pensent que rencontrer et \u00e9pouser une femme qui est d\u00e9j\u00e0 dans leur pays (France, Belgique, Suisse, Qu\u00e9bec) est plus facile et moins cher qu\u2019\u00e9pouser et faire venir une femme de Russie et Ukraine.<\/p>\n<p><object class=\"video-filter video-youtube vf-9fexkhm3ous\" data=\"https:\/\/www.youtube.com\/v\/9feXkHm3ous?rel=0&amp;autoplay=0&amp;fs=1\" type=\"application\/x-shockwave-flash\" width=\"400\" height=\"250\"><\/object><\/p>\n<p>&nbsp;<\/p>\n<p>Vid\u00e9o 33:\u00a0<strong>Comment choisir une femme russe ou ukrainienne parfaite: 3\u00a0choses \u00e0 savoir.\u00a0<\/strong><\/p>\n<p>A quoi faire attention quand vous consultez les profils des femmes russes et ukrainiennes.<\/p>\n<p><object class=\"video-filter video-youtube vf-sd7qvb1ptzm\" data=\"https:\/\/www.youtube.com\/v\/SD7Qvb1pTZM?rel=0&amp;autoplay=0&amp;fs=1\" type=\"application\/x-shockwave-flash\" width=\"400\" height=\"250\"><\/object><\/p>\n<p>Vid\u00e9o 35:\u00a0<strong>Coaching en s\u00e9duction de belles filles russes et ukrainiennes.<\/strong><\/p>\n<p>Connaissez-vous des r\u00e8gles de base pour s\u00e9duire les femmes russes et ukrainiennes? Voulez-vous les appliquer en pratique?<\/p>\n<p><object class=\"video-filter video-youtube vf-lp88dbkhdrg\" data=\"https:\/\/www.youtube.com\/v\/LP88DBkhDrg?rel=0&amp;autoplay=0&amp;fs=1\" type=\"application\/x-shockwave-flash\" width=\"400\" height=\"250\"><\/object><\/p>\n<p>Vid\u00e9o 37:\u00a0<strong>Une belle fille russe tr\u00e8s sexy de 18 ans en bikini pour un homme de 50 ans.<\/strong><\/p>\n<p>Crit\u00e8res r\u00e9alistes et non r\u00e9alistes de la recherche de belles filles russes et ukrainiennes.<\/p>\n<p><object class=\"video-filter video-youtube vf-hiqhgwz5zk\" data=\"https:\/\/www.youtube.com\/v\/H_IqHgWZ5Zk?rel=0&amp;autoplay=0&amp;fs=1\" type=\"application\/x-shockwave-flash\" width=\"400\" height=\"250\"><\/object><\/p>\n<p>&nbsp;<\/p>\n<p>Vid\u00e9o 39:\u00a0<strong>Cours de fran\u00e7ais intensifs pour femmes de Russie et Ukraine.<\/strong><\/p>\n<p>Combien de temps faut-il pour que la femme russe ou ukrainienne parle fran\u00e7ais?<\/p>\n<p><object class=\"video-filter video-youtube vf-oumxxky7ro\" data=\"https:\/\/www.youtube.com\/v\/ouMXX-kY7ro?rel=0&amp;autoplay=0&amp;fs=1\" type=\"application\/x-shockwave-flash\" width=\"400\" height=\"250\"><\/object><\/p>\n<p>Vid\u00e9o 41:\u00a0<strong>5 choses \u00e0 savoir pour rencontrer et s\u00e9duire de belles filles sexy russes et ukrainiennes.<\/strong><\/p>\n<p>S\u00e9duire de belles filles russes et ukrainiennes: mission possible?<\/p>\n<p><object class=\"video-filter video-youtube vf-rnhtif2yyg\" data=\"https:\/\/www.youtube.com\/v\/R_nhTiF2Yyg?rel=0&amp;autoplay=0&amp;fs=1\" type=\"application\/x-shockwave-flash\" width=\"400\" height=\"250\"><\/object><\/p>\n","protected":false},"excerpt":{"rendered":"<p>Comment rencontrer une femme r\u00e9elle, une fille de l&rsquo;est, Russe ou Ukrainienne, dans l&rsquo;optique d&rsquo;un mariage Le savoir est la meilleure arme. Des petits vid\u00e9os gratuits que nous avons cr\u00e9\u00e9 pour vous apprennent comment chercher, rencontrer et s\u00e9duire \u00a0de belles femmes russes et ukrainiennes sans payer cher et sans risque de tomber sur un escroc. [&hellip;]<\/p>\n","protected":false},"author":2,"featured_media":0,"parent":0,"menu_order":0,"comment_status":"closed","ping_status":"closed","template":"template-with_leftsidebar.php","meta":{"_glsr_average":0,"_glsr_ranking":0,"_glsr_reviews":0,"footnotes":"","_links_to":"","_links_to_target":""},"class_list":["post-498","page","type-page","status-publish","hentry"],"_links":{"self":[{"href":"https:\/\/allaboutdatingscams.com\/fr\/wp-json\/wp\/v2\/pages\/498","targetHints":{"allow":["GET"]}}],"collection":[{"href":"https:\/\/allaboutdatingscams.com\/fr\/wp-json\/wp\/v2\/pages"}],"about":[{"href":"https:\/\/allaboutdatingscams.com\/fr\/wp-json\/wp\/v2\/types\/page"}],"author":[{"embeddable":true,"href":"https:\/\/allaboutdatingscams.com\/fr\/wp-json\/wp\/v2\/users\/2"}],"replies":[{"embeddable":true,"href":"https:\/\/allaboutdatingscams.com\/fr\/wp-json\/wp\/v2\/comments?post=498"}],"version-history":[{"count":2,"href":"https:\/\/allaboutdatingscams.com\/fr\/wp-json\/wp\/v2\/pages\/498\/revisions"}],"predecessor-version":[{"id":2382,"href":"https:\/\/allaboutdatingscams.com\/fr\/wp-json\/wp\/v2\/pages\/498\/revisions\/2382"}],"wp:attachment":[{"href":"https:\/\/allaboutdatingscams.com\/fr\/wp-json\/wp\/v2\/media?parent=498"}],"curies":[{"name":"wp","href":"https:\/\/api.w.org\/{rel}","templated":true}]}}