{"id":228,"date":"2021-05-05T14:53:09","date_gmt":"2021-05-05T14:53:09","guid":{"rendered":"https:\/\/allaboutdatingscams.com\/check-if-a-russian-dating-site-is-honest-or-scam\/"},"modified":"2025-04-08T10:41:58","modified_gmt":"2025-04-08T10:41:58","slug":"controlla-se-un-sito-di-incontri-o-unagenzia-e-onesta","status":"publish","type":"page","link":"https:\/\/allaboutdatingscams.com\/it\/controlla-se-un-sito-di-incontri-o-unagenzia-e-onesta\/","title":{"rendered":"Controlla se un sito di incontri o un&#8217;agenzia \u00e8 onesta"},"content":{"rendered":"<div class=\"content\">\n<p>Controlla le truffe dei siti di incontri russi<br \/>\n<span style=\"font-weight: 400;\">Il pericolo associato ai siti di incontri e alle agenzie di matchmaking russi \u00e8 aumentato considerevolmente negli ultimi anni. A differenza degli spammer che usano account falsi per inviare e-mail direttamente al tuo account, la maggior parte delle donne su questi siti e organizzazioni di matchmaking sono autentiche. In tal caso diventa sempre pi\u00f9 difficile identificare immediatamente una truffa. Il problema ora sta nel determinare se un&#8217;agenzia di matchmaking o un sito di incontri \u00e8 davvero legittimo o se sta semplicemente utilizzando account autentici per nascondere attivit\u00e0 fraudolente.<\/span><\/p>\n<p class=\"i\">Tutta la storia delle truffe negli appuntamenti russi dal 1990. I segreti meglio custoditi delle truffe delle agenzie matrimoniali internazionali.<\/p>\n<div class=\"video_container\">\n<div class=\"embed-container\"><iframe loading=\"lazy\" title=\"Ukraine Marriage Agency - Online Dating Scams | What Dating Agency Will Never Tell You\" width=\"500\" height=\"281\" src=\"https:\/\/www.youtube.com\/embed\/MZ5JmYVNJUc?feature=oembed\" frameborder=\"0\" allow=\"accelerometer; autoplay; clipboard-write; encrypted-media; gyroscope; picture-in-picture; web-share\" referrerpolicy=\"strict-origin-when-cross-origin\" allowfullscreen><\/iframe><\/div>\n<\/div>\n<p>L&#8217;operazione sembra un po&#8217; difficile, dal momento che i siti di incontri russi o le agenzie matrimoniali potrebbero essere registrati nel tuo paese e possedere un sito web molto credibile. Esistono, tuttavia, metodi molto semplici per capire se un servizio di matchmaking russo o un sito di incontri con<\/p>\n<p>donne russe \u00e8 serio e onesto o se \u00e8 un altro sito di incontri truffaldino. Non troverai questo tipo di informazioni da nessun&#8217;altra parte, solo sul nostro sito!<\/p>\n<p><span style=\"font-weight: 400;\">Nel 2025, \u00e8 essenziale essere ancora pi\u00f9 cauti di prima. I truffatori stanno usando tattiche pi\u00f9 avanzate e molte piattaforme di incontri sembrano pi\u00f9 professionali che mai. Fortunatamente, ora ci sono diversi strumenti e servizi disponibili per verificare sia i siti di incontri che i profili individuali: usali prima di essere coinvolti.<\/span><\/p>\n<p><span style=\"font-weight: 400;\">Ecco la tua guida passo passo:<\/span><\/p>\n<h2 style=\"text-align: left;\"><strong>1. Guarda la fascia d&#8217;et\u00e0 delle donne<\/strong><\/h2>\n<p>La percentuale di ragazze russe tra i 18 e i 25 anni non deve superare il 15% del numero totale di profili presentati sul sito di incontri o sul servizio di matchmaking. Perch\u00e9? Perch\u00e9 la verit\u00e0 \u00e8 che le ragazze di questa et\u00e0 sono raramente interessate a incontrare uno straniero. I siti di incontri truffa sono saturi di ragazze sexy sotto i 25 anni.<\/p>\n<div class=\"video_container\">\n<div class=\"embed-container\"><iframe loading=\"lazy\" title=\"Online romance scams of Russian and Ukrainian dating and marriage sites\" width=\"500\" height=\"281\" src=\"https:\/\/www.youtube.com\/embed\/JKVB-Hk9Axs?feature=oembed\" frameborder=\"0\" allow=\"accelerometer; autoplay; clipboard-write; encrypted-media; gyroscope; picture-in-picture; web-share\" referrerpolicy=\"strict-origin-when-cross-origin\" allowfullscreen><\/iframe><\/div>\n<\/div>\n<h2 style=\"text-align: left;\"><strong>2. Fai attenzione ai profili da modella<\/strong><\/h2>\n<p>Se il sito \u00e8 pieno di profili di modelle russe, ci sono ottime probabilit\u00e0 che si tratti di una truffa di un sito di incontri. In realt\u00e0, le donne russe e ucraine pi\u00f9 belle e sexy hanno l&#8217;imbarazzo della scelta nel loro paese e raramente usano siti di incontri e agenzie matrimoniali. Guarda alcuni dei profili su www.ukreine.com: vedrai alcuni profili di donne russe e ucraine che esistono davvero e sono seriamente interessate al matrimonio.<\/p>\n<p class=\"i\">Guarda questo video: un&#8217;ex dipendente di un&#8217;agenzia di incontri locale in Ucraina fa una confessione: ha dovuto caricare profili falsi su diversi siti di incontri come Anastasia, Charmdate, Ua-dreams, Victoriabrides e far spendere soldi agli uomini in messaggi e chat.<\/p>\n<div class=\"video_container\">\n<div class=\"embed-container\"><iframe loading=\"lazy\" title=\"How Russian romance scam works: a &quot;Russian bride&quot; confession\" width=\"500\" height=\"281\" src=\"https:\/\/www.youtube.com\/embed\/_tGGgAHDX38?feature=oembed\" frameborder=\"0\" allow=\"accelerometer; autoplay; clipboard-write; encrypted-media; gyroscope; picture-in-picture; web-share\" referrerpolicy=\"strict-origin-when-cross-origin\" allowfullscreen><\/iframe><\/div>\n<\/div>\n<h2 style=\"text-align: left;\"><strong>3. Fai il test del profilo <\/strong><\/h2>\n<p>Prova a creare un profilo con pochi dettagli e che non sia attraente per nessuna donna: nessuna foto del profilo, et\u00e0 50+, nessuna descrizione dettagliata, bassa statura, peso elevato. Aspetta 1-2 giorni. Se ricevi molti messaggi da belle giovani donne russe e ucraine, si tratta di una truffa del sito di incontri russo. Se, in seguito ad alcune modifiche apportate al tuo profilo, l&#8217;interesse delle donne aumenta, \u00e8 un segnale rilevante.<\/p>\n<h2 style=\"text-align: left;\"><strong>4. Ti \u00e8 consentito comunicare direttamente?<\/strong><\/h2>\n<p>Controlla le regole del sito di incontri russo. \u00c8 possibile a un certo punto entrare in contatto diretto con la ragazza russa o ucraina? Se ci\u00f2 non \u00e8 possibile, il rischio di essere una truffa \u00e8 davvero alto: come puoi essere sicuro che ti stia davvero scrivendo e che non si tratti di una truffa del sito di incontri? Se \u00e8 cos\u00ec, dovresti riuscire a vedere la ragazza su Skype, e non sul sito di chat a pagamento. Perch\u00e9? Perch\u00e9 se parli con la ragazza su Skype, significa che \u00e8 davvero interessata a te, e se sei costretto a comunicare solo tramite la chat a pagamento, molto probabilmente la giovane donna russa o ucraina lo fa solo per guadagnare i soldi che l&#8217;agenzia truffaldina paga per ogni minuto che trascorre con te in chat.<\/p>\n<h2 style=\"text-align: left;\"><strong>5. Leggi recensioni reali e segnalazioni di truffe<\/strong><\/h2>\n<p>Leggi le testimonianze per quel particolare sito di incontri internazionale o un&#8217;agenzia matrimoniale nella sezione &#8220;<a title=\"Truffe sui siti di incontri russi\" href=\"https:\/\/forum.allaboutdatingscams.com\/it\">Truffe sui siti di incontri<\/a>&#8221; del nostro sito o su altri forum. Cerca questa agenzia matrimoniale nelle liste di truffe sui siti di incontri. Se sei vittima di una truffa, aggiungi la tua testimonianza sul nostro sito o scrivici a info@allaboutdatingscams.com<\/p>\n<p class=\"i\">Guarda questo video: un uomo degli Stati Uniti viene truffato di 300.000 USD su un sito di incontri a pagamento (Valentime) in 11 mesi<\/p>\n<div class=\"video_container\">\n<div class=\"embed-container\"><iframe loading=\"lazy\" title=\"The biggest online dating scam by a instagram model from Russia\" width=\"500\" height=\"281\" src=\"https:\/\/www.youtube.com\/embed\/MacOp3zypMc?feature=oembed\" frameborder=\"0\" allow=\"accelerometer; autoplay; clipboard-write; encrypted-media; gyroscope; picture-in-picture; web-share\" referrerpolicy=\"strict-origin-when-cross-origin\" allowfullscreen><\/iframe><\/div>\n<\/div>\n<h2 style=\"text-align: left;\"><strong>6. Leggi recensioni vere e segnalazioni di truffe<\/strong><\/h2>\n<p><span style=\"font-weight: 400;\">Leggi attentamente i termini e i prezzi del sito di incontri. Costi nascosti, tariffe elevate per le chat al minuto o politiche di rimborso poco chiare sono segnali che l&#8217;agenzia \u00e8 pi\u00f9 interessata al tuo portafoglio che alla tua futura moglie. Un vero servizio di matchmaking sar\u00e0 trasparente sui costi, su come funzionano e su cosa ottieni in cambio dei tuoi soldi.<\/span><\/p>\n<h2 style=\"text-align: left;\"><strong>Cosa succede se non sono ancora sicuro?<\/strong><\/h2>\n<p><span style=\"font-weight: 400;\">Offriamo controlli del profilo e <a href=\"https:\/\/verifications.allaboutdatingscams.com\/it\">verifica dei precedenti<\/a> per il matrimonio. Se hai dubbi, lascia che ti aiutiamo a confermare se la donna con cui stai chattando \u00e8 reale o fa parte di un&#8217;operazione di truffa romantica.<\/span><br \/>\n<span style=\"font-weight: 400;\">Inviaci semplicemente i suoi dati &#8211; nome, foto, messaggi &#8211; e noi faremo delle indagini per te con discrezione.<\/span><\/p>\n<p>Se hai ancora dei dubbi e vuoi verificare se un sito di incontri o un&#8217;agenzia matrimoniale \u00e8 una truffa, contattaci pure.<\/p>\n<p>Buona fortuna nella tua ricerca della donna russa o ucraina perfetta!!!<\/p>\n<\/div>\n","protected":false},"excerpt":{"rendered":"<p>Controlla le truffe dei siti di incontri russi Il pericolo associato ai siti di incontri e alle agenzie di matchmaking russi \u00e8 aumentato considerevolmente negli ultimi anni. A differenza degli spammer che usano account falsi per inviare e-mail direttamente al tuo account, la maggior parte delle donne su questi siti e organizzazioni di matchmaking sono [&hellip;]<\/p>\n","protected":false},"author":2,"featured_media":0,"parent":0,"menu_order":0,"comment_status":"closed","ping_status":"closed","template":"template-with_leftsidebar.php","meta":{"_glsr_average":0,"_glsr_ranking":0,"_glsr_reviews":0,"footnotes":"","_links_to":"","_links_to_target":""},"class_list":["post-228","page","type-page","status-publish","hentry"],"_links":{"self":[{"href":"https:\/\/allaboutdatingscams.com\/it\/wp-json\/wp\/v2\/pages\/228","targetHints":{"allow":["GET"]}}],"collection":[{"href":"https:\/\/allaboutdatingscams.com\/it\/wp-json\/wp\/v2\/pages"}],"about":[{"href":"https:\/\/allaboutdatingscams.com\/it\/wp-json\/wp\/v2\/types\/page"}],"author":[{"embeddable":true,"href":"https:\/\/allaboutdatingscams.com\/it\/wp-json\/wp\/v2\/users\/2"}],"replies":[{"embeddable":true,"href":"https:\/\/allaboutdatingscams.com\/it\/wp-json\/wp\/v2\/comments?post=228"}],"version-history":[{"count":6,"href":"https:\/\/allaboutdatingscams.com\/it\/wp-json\/wp\/v2\/pages\/228\/revisions"}],"predecessor-version":[{"id":25454,"href":"https:\/\/allaboutdatingscams.com\/it\/wp-json\/wp\/v2\/pages\/228\/revisions\/25454"}],"wp:attachment":[{"href":"https:\/\/allaboutdatingscams.com\/it\/wp-json\/wp\/v2\/media?parent=228"}],"curies":[{"name":"wp","href":"https:\/\/api.w.org\/{rel}","templated":true}]}}