{"id":500,"date":"2022-01-11T14:42:19","date_gmt":"2022-01-11T14:42:19","guid":{"rendered":"https:\/\/allaboutdatingscams.com\/?page_id=500\/"},"modified":"2022-10-12T15:37:35","modified_gmt":"2022-10-12T15:37:35","slug":"tutto-su-donne-russe","status":"publish","type":"page","link":"https:\/\/allaboutdatingscams.com\/it\/tutto-su-donne-russe\/","title":{"rendered":"Tutto su donne russe"},"content":{"rendered":"<p>Come incontrare spose reali russi<\/p>\n<p>La conoscenza \u00e8 la pi\u00f9 grande potenza. Piccole video gratuiti che abbiamo creato per voi vi insegner\u00e0 come cercare profili reali, come soddisfare, sedurre e sposare belle ragazze russe e ucraine, senza pagare un sacco.<\/p>\n","protected":false},"excerpt":{"rendered":"<p>Come incontrare spose reali russi La conoscenza \u00e8 la pi\u00f9 grande potenza. Piccole video gratuiti che abbiamo creato per voi vi insegner\u00e0 come cercare profili reali, come soddisfare, sedurre e sposare belle ragazze russe e ucraine, senza pagare un sacco.<\/p>\n","protected":false},"author":2,"featured_media":0,"parent":0,"menu_order":0,"comment_status":"closed","ping_status":"closed","template":"template-with_leftsidebar.php","meta":{"_glsr_average":0,"_glsr_ranking":0,"_glsr_reviews":0,"footnotes":"","_links_to":"","_links_to_target":""},"class_list":["post-500","page","type-page","status-publish","hentry"],"_links":{"self":[{"href":"https:\/\/allaboutdatingscams.com\/it\/wp-json\/wp\/v2\/pages\/500","targetHints":{"allow":["GET"]}}],"collection":[{"href":"https:\/\/allaboutdatingscams.com\/it\/wp-json\/wp\/v2\/pages"}],"about":[{"href":"https:\/\/allaboutdatingscams.com\/it\/wp-json\/wp\/v2\/types\/page"}],"author":[{"embeddable":true,"href":"https:\/\/allaboutdatingscams.com\/it\/wp-json\/wp\/v2\/users\/2"}],"replies":[{"embeddable":true,"href":"https:\/\/allaboutdatingscams.com\/it\/wp-json\/wp\/v2\/comments?post=500"}],"version-history":[{"count":1,"href":"https:\/\/allaboutdatingscams.com\/it\/wp-json\/wp\/v2\/pages\/500\/revisions"}],"predecessor-version":[{"id":501,"href":"https:\/\/allaboutdatingscams.com\/it\/wp-json\/wp\/v2\/pages\/500\/revisions\/501"}],"wp:attachment":[{"href":"https:\/\/allaboutdatingscams.com\/it\/wp-json\/wp\/v2\/media?parent=500"}],"curies":[{"name":"wp","href":"https:\/\/api.w.org\/{rel}","templated":true}]}}